{"id":986,"date":"2021-11-25T12:37:44","date_gmt":"2021-11-25T11:37:44","guid":{"rendered":"https:\/\/www.muhofid.lu\/?page_id=986"},"modified":"2023-05-24T19:00:19","modified_gmt":"2023-05-24T17:00:19","slug":"letzebuerger-steiererklarungen","status":"publish","type":"page","link":"https:\/\/www.muhofid.lu\/lb-lu\/letzebuerger-steiererklarungen\/","title":{"rendered":"Steiererkl\u00e4rungen"},"content":{"rendered":"\t\t<div data-elementor-type=\"wp-page\" data-elementor-id=\"986\" class=\"elementor elementor-986 elementor-248\" data-elementor-post-type=\"page\">\n\t\t\t\t\t\t<section class=\"elementor-section elementor-top-section elementor-element elementor-element-a2edb06 elementor-section-full_width elementor-section-height-min-height elementor-section-items-stretch elementor-section-height-default\" data-id=\"a2edb06\" data-element_type=\"section\" data-settings=\"{&quot;background_background&quot;:&quot;classic&quot;}\">\n\t\t\t\t\t\t\t<div class=\"elementor-background-overlay\"><\/div>\n\t\t\t\t\t\t\t<div class=\"elementor-container elementor-column-gap-default\">\n\t\t\t\t\t<div class=\"elementor-column elementor-col-50 elementor-top-column elementor-element elementor-element-007f9ac\" data-id=\"007f9ac\" data-element_type=\"column\">\n\t\t\t<div class=\"elementor-widget-wrap elementor-element-populated\">\n\t\t\t\t\t\t<div class=\"elementor-element elementor-element-0cde5dc elementor-widget elementor-widget-heading\" data-id=\"0cde5dc\" data-element_type=\"widget\" data-widget_type=\"heading.default\">\n\t\t\t\t<div class=\"elementor-widget-container\">\n\t\t\t<h1 class=\"elementor-heading-title elementor-size-default\">\u00c4R L\u00cbTZEBUERGER Steiererkl\u00e4rungen<\/h1>\t\t<\/div>\n\t\t\t\t<\/div>\n\t\t\t\t<div class=\"elementor-element elementor-element-cbcb151 elementor-widget elementor-widget-heading\" data-id=\"cbcb151\" data-element_type=\"widget\" data-widget_type=\"heading.default\">\n\t\t\t\t<div class=\"elementor-widget-container\">\n\t\t\t<span class=\"elementor-heading-title elementor-size-default\">Fir m\u00e9i einfach Prozeduren<\/span>\t\t<\/div>\n\t\t\t\t<\/div>\n\t\t\t\t<div class=\"elementor-element elementor-element-ba5843e elementor-widget elementor-widget-text-editor\" data-id=\"ba5843e\" data-element_type=\"widget\" data-widget_type=\"text-editor.default\">\n\t\t\t\t<div class=\"elementor-widget-container\">\n\t\t\t\t\t\t\t<p>Eis Comptabilit\u00e9its- a Steierfirma zu L\u00ebtzebuerg h\u00eblleft Iech a k\u00ebmmert sech \u00ebm \u00c4r Steiererkl\u00e4rungen. Dir sidd also an \u00c4re Prozeduren guid\u00e9iert a beroden an \u00c4re Strategien.<\/p>\t\t\t\t\t\t<\/div>\n\t\t\t\t<\/div>\n\t\t\t\t<div class=\"elementor-element elementor-element-b230b8f elementor-tablet-align-center main-button elementor-widget elementor-widget-button\" data-id=\"b230b8f\" data-element_type=\"widget\" data-widget_type=\"button.default\">\n\t\t\t\t<div class=\"elementor-widget-container\">\n\t\t\t\t\t\t\t<div class=\"elementor-button-wrapper\">\n\t\t\t\t\t<a class=\"elementor-button elementor-button-link elementor-size-sm\" href=\"#top-page\">\n\t\t\t\t\t\t<span class=\"elementor-button-content-wrapper\">\n\t\t\t\t\t\t\t\t\t<span class=\"elementor-button-text\">Fannt m\u00e9i eraus<\/span>\n\t\t\t\t\t<\/span>\n\t\t\t\t\t<\/a>\n\t\t\t\t<\/div>\n\t\t\t\t\t\t<\/div>\n\t\t\t\t<\/div>\n\t\t\t\t\t<\/div>\n\t\t<\/div>\n\t\t\t\t<div class=\"elementor-column elementor-col-50 elementor-top-column elementor-element elementor-element-62a6fbd elementor-hidden-tablet elementor-hidden-phone\" data-id=\"62a6fbd\" data-element_type=\"column\">\n\t\t\t<div class=\"elementor-widget-wrap\">\n\t\t\t\t\t\t\t<\/div>\n\t\t<\/div>\n\t\t\t\t\t<\/div>\n\t\t<\/section>\n\t\t\t\t<section class=\"elementor-section elementor-top-section elementor-element elementor-element-92ac710 elementor-section-boxed elementor-section-height-default elementor-section-height-default\" data-id=\"92ac710\" data-element_type=\"section\">\n\t\t\t\t\t\t<div class=\"elementor-container elementor-column-gap-default\">\n\t\t\t\t\t<div class=\"elementor-column elementor-col-100 elementor-top-column elementor-element elementor-element-bcd16c6\" data-id=\"bcd16c6\" data-element_type=\"column\">\n\t\t\t<div class=\"elementor-widget-wrap elementor-element-populated\">\n\t\t\t\t\t\t<div class=\"elementor-element elementor-element-2322954 elementor-widget elementor-widget-menu-anchor\" data-id=\"2322954\" data-element_type=\"widget\" data-widget_type=\"menu-anchor.default\">\n\t\t\t\t<div class=\"elementor-widget-container\">\n\t\t\t\t\t<div class=\"elementor-menu-anchor\" id=\"top-page\"><\/div>\n\t\t\t\t<\/div>\n\t\t\t\t<\/div>\n\t\t\t\t<div class=\"elementor-element elementor-element-ec1a07f elementor-widget elementor-widget-heading\" data-id=\"ec1a07f\" data-element_type=\"widget\" data-widget_type=\"heading.default\">\n\t\t\t\t<div class=\"elementor-widget-container\">\n\t\t\t<h2 class=\"elementor-heading-title elementor-size-default\">Firwat eng Comptabilit\u00e9itsfirma <br>fir \u00c4r Besteierung benotzen?<\/h2>\t\t<\/div>\n\t\t\t\t<\/div>\n\t\t\t\t<div class=\"elementor-element elementor-element-596d788 elementor-widget elementor-widget-text-editor\" data-id=\"596d788\" data-element_type=\"widget\" data-widget_type=\"text-editor.default\">\n\t\t\t\t<div class=\"elementor-widget-container\">\n\t\t\t\t\t\t\t<p>D\u2019<strong>Steiernormen<\/strong> entw\u00e9ckelen sech zu <strong>L\u00ebtzebuerg<\/strong> w\u00e9i an alle Staaten permanent, a k\u00ebnnen je no Situatioun heiansdo komplex sinn. D&#8217;Benotzung vu spezialis\u00e9iert Software h\u00eblleft de Risiko vu Feeler ze reduz\u00e9ieren, soulaang se reegelm\u00e9isseg&nbsp;aktualis\u00e9iert g\u00ebtt fir net en neit Gesetz oder Direktiv ze verpassen. D&#8217;Firma bleift trotzdeem&nbsp;verantwortlech vis-\u00e0-vis vun der Administratioun am Fall vun engem <strong>Steieraudit<\/strong>, dofir wende sech vill Betriber l\u00e9iwer un eng <strong>Comptabilit\u00e9itsfirma<\/strong> fir se z&#8217;\u00ebnnerst\u00ebtzen.<\/p>\n<p>Op der Kr\u00e4izung t\u00ebscht <strong>juristescher<\/strong> an <strong>Comptablesmethod<\/strong>, w\u00ebll MUHOFID seng Erfarung&nbsp;an Besteierung fir Betriber an Eenzelpersounen deelen. Mir k\u00ebmmere sech also \u00ebm all \u00c4r <strong>L\u00ebtzebuerger Steiererkl\u00e4rungen<\/strong>: Firmensteier (IRC), Gemengekommerziell Steier (ICC), Verm\u00e9igenssteier (IF), awer och <strong>allj\u00e4rlech&nbsp;TVA Deklaratioun<\/strong> a <strong>Steierkredit<\/strong> fir Investitiounen. An der selwechter Man\u00e9ier suerge mir fir d&#8217;Opstelle vu Formalit\u00e9iten an individuelle <strong>Steiererkl\u00e4rungen<\/strong> fir Leit, d\u00e9i hir Akommessteiererkl\u00e4rung w\u00ebllen ausf\u00ebllen.<\/p>\t\t\t\t\t\t<\/div>\n\t\t\t\t<\/div>\n\t\t\t\t\t<\/div>\n\t\t<\/div>\n\t\t\t\t\t<\/div>\n\t\t<\/section>\n\t\t\t\t<section class=\"elementor-section elementor-top-section elementor-element elementor-element-6a5708ac elementor-section-boxed elementor-section-height-default elementor-section-height-default\" data-id=\"6a5708ac\" data-element_type=\"section\">\n\t\t\t\t\t\t<div class=\"elementor-container elementor-column-gap-default\">\n\t\t\t\t\t<div class=\"elementor-column elementor-col-100 elementor-top-column elementor-element elementor-element-2c3c8ebd\" data-id=\"2c3c8ebd\" data-element_type=\"column\">\n\t\t\t<div class=\"elementor-widget-wrap elementor-element-populated\">\n\t\t\t\t\t\t<div class=\"elementor-element elementor-element-6330484e elementor-widget elementor-widget-heading\" data-id=\"6330484e\" data-element_type=\"widget\" data-widget_type=\"heading.default\">\n\t\t\t\t<div class=\"elementor-widget-container\">\n\t\t\t<h2 class=\"elementor-heading-title elementor-size-default\">Eis propos\u00e9iert Steier Servicer a Missioune<\/h2>\t\t<\/div>\n\t\t\t\t<\/div>\n\t\t\t\t<div class=\"elementor-element elementor-element-681b560a elementor-widget elementor-widget-text-editor\" data-id=\"681b560a\" data-element_type=\"widget\" data-widget_type=\"text-editor.default\">\n\t\t\t\t<div class=\"elementor-widget-container\">\n\t\t\t\t\t\t\t<p>Dank eisem Kenntnisser vum Maart an der Gesetzgebung am Grand-Duch\u00e9 vu L\u00ebtzebuerg, \u00ebnnerst\u00ebtzen mir Iech all Dag fir Iech L\u00e9isungen a Berodung unzebidden, d\u00e9i op \u00c4re Betrib ugepasst sinn.<\/p>\t\t\t\t\t\t<\/div>\n\t\t\t\t<\/div>\n\t\t\t\t<div class=\"elementor-element elementor-element-59e17eb4 elementor-align-center elementor-icon-list--layout-traditional elementor-list-item-link-full_width elementor-widget elementor-widget-icon-list\" data-id=\"59e17eb4\" data-element_type=\"widget\" data-widget_type=\"icon-list.default\">\n\t\t\t\t<div class=\"elementor-widget-container\">\n\t\t\t\t\t<ul class=\"elementor-icon-list-items\">\n\t\t\t\t\t\t\t<li class=\"elementor-icon-list-item\">\n\t\t\t\t\t\t\t\t\t\t\t<span class=\"elementor-icon-list-icon\">\n\t\t\t\t\t\t\t<i aria-hidden=\"true\" class=\"fas fa-chevron-circle-right\"><\/i>\t\t\t\t\t\t<\/span>\n\t\t\t\t\t\t\t\t\t\t<span class=\"elementor-icon-list-text\">Steiererkl\u00e4rungen (IRC, ICC, IF)<\/span>\n\t\t\t\t\t\t\t\t\t<\/li>\n\t\t\t\t\t\t\t\t<li class=\"elementor-icon-list-item\">\n\t\t\t\t\t\t\t\t\t\t\t<span class=\"elementor-icon-list-icon\">\n\t\t\t\t\t\t\t<i aria-hidden=\"true\" class=\"fas fa-chevron-circle-right\"><\/i>\t\t\t\t\t\t<\/span>\n\t\t\t\t\t\t\t\t\t\t<span class=\"elementor-icon-list-text\">Steierkredit fir Investitiounen<\/span>\n\t\t\t\t\t\t\t\t\t<\/li>\n\t\t\t\t\t\t\t\t<li class=\"elementor-icon-list-item\">\n\t\t\t\t\t\t\t\t\t\t\t<span class=\"elementor-icon-list-icon\">\n\t\t\t\t\t\t\t<i aria-hidden=\"true\" class=\"fas fa-chevron-circle-right\"><\/i>\t\t\t\t\t\t<\/span>\n\t\t\t\t\t\t\t\t\t\t<span class=\"elementor-icon-list-text\">Quellesteier op Kapitalakommes<\/span>\n\t\t\t\t\t\t\t\t\t<\/li>\n\t\t\t\t\t\t\t\t<li class=\"elementor-icon-list-item\">\n\t\t\t\t\t\t\t\t\t\t\t<span class=\"elementor-icon-list-icon\">\n\t\t\t\t\t\t\t<i aria-hidden=\"true\" class=\"fas fa-chevron-circle-right\"><\/i>\t\t\t\t\t\t<\/span>\n\t\t\t\t\t\t\t\t\t\t<span class=\"elementor-icon-list-text\">J\u00e4rlech steiererkl\u00e4rung <\/span>\n\t\t\t\t\t\t\t\t\t<\/li>\n\t\t\t\t\t\t\t\t<li class=\"elementor-icon-list-item\">\n\t\t\t\t\t\t\t\t\t\t\t<span class=\"elementor-icon-list-icon\">\n\t\t\t\t\t\t\t<i aria-hidden=\"true\" class=\"fas fa-chevron-circle-right\"><\/i>\t\t\t\t\t\t<\/span>\n\t\t\t\t\t\t\t\t\t\t<span class=\"elementor-icon-list-text\">Rotschl\u00e9i fir \u00c4r Steiersituatioun<\/span>\n\t\t\t\t\t\t\t\t\t<\/li>\n\t\t\t\t\t\t<\/ul>\n\t\t\t\t<\/div>\n\t\t\t\t<\/div>\n\t\t\t\t<div class=\"elementor-element elementor-element-4d57302 elementor-align-center secondary-button elementor-widget elementor-widget-button\" data-id=\"4d57302\" data-element_type=\"widget\" data-widget_type=\"button.default\">\n\t\t\t\t<div class=\"elementor-widget-container\">\n\t\t\t\t\t\t\t<div class=\"elementor-button-wrapper\">\n\t\t\t\t\t<a class=\"elementor-button elementor-button-link elementor-size-sm\" href=\"https:\/\/www.muhofid.lu\/lb-lu\/kontakteiert-eis\/\">\n\t\t\t\t\t\t<span class=\"elementor-button-content-wrapper\">\n\t\t\t\t\t\t\t\t\t<span class=\"elementor-button-text\">Maacht e Rendez-vous<\/span>\n\t\t\t\t\t<\/span>\n\t\t\t\t\t<\/a>\n\t\t\t\t<\/div>\n\t\t\t\t\t\t<\/div>\n\t\t\t\t<\/div>\n\t\t\t\t\t<\/div>\n\t\t<\/div>\n\t\t\t\t\t<\/div>\n\t\t<\/section>\n\t\t\t\t<\/div>\n\t\t","protected":false},"excerpt":{"rendered":"<p>\u00c4R L\u00cbTZEBUERGER Steiererkl\u00e4rungen Fir m\u00e9i einfach Prozeduren Eis Comptabilit\u00e9its- a Steierfirma zu L\u00ebtzebuerg h\u00eblleft Iech a k\u00ebmmert sech \u00ebm \u00c4r Steiererkl\u00e4rungen. Dir sidd also an \u00c4re Prozeduren guid\u00e9iert a beroden an \u00c4re Strategien. Fannt m\u00e9i eraus Firwat eng Comptabilit\u00e9itsfirma fir \u00c4r Besteierung benotzen? D\u2019Steiernormen entw\u00e9ckelen sech zu L\u00ebtzebuerg w\u00e9i an alle Staaten permanent, a k\u00ebnnen [&hellip;]<\/p>\n","protected":false},"author":2,"featured_media":277,"parent":0,"menu_order":0,"comment_status":"closed","ping_status":"closed","template":"","meta":{"footnotes":""},"class_list":["post-986","page","type-page","status-publish","has-post-thumbnail","hentry"],"yoast_head":"<!-- This site is optimized with the Yoast SEO plugin v23.9 - https:\/\/yoast.com\/wordpress\/plugins\/seo\/ -->\n<title>Steiererkl\u00e4rungen - Comptabiliteits Cabinet MUHOFID<\/title>\n<meta name=\"description\" content=\"Profit\u00e9iert vun eiser Erfarung a Steierfroe fir Firmen a Privatpersounen zu L\u00ebtzebuerg. Mir k\u00ebmmeren eis \u00ebm all \u00c4r Steiererkl\u00e4rungen.\" \/>\n<meta name=\"robots\" content=\"index, follow, max-snippet:-1, max-image-preview:large, max-video-preview:-1\" \/>\n<link rel=\"canonical\" href=\"https:\/\/www.muhofid.lu\/lb-lu\/letzebuerger-steiererklarungen\/\" \/>\n<meta property=\"og:locale\" content=\"en_US\" \/>\n<meta property=\"og:type\" content=\"article\" \/>\n<meta property=\"og:title\" content=\"Steiererkl\u00e4rungen - Comptabiliteits Cabinet MUHOFID\" \/>\n<meta property=\"og:description\" content=\"Profit\u00e9iert vun eiser Erfarung a Steierfroe fir Firmen a Privatpersounen zu L\u00ebtzebuerg. Mir k\u00ebmmeren eis \u00ebm all \u00c4r Steiererkl\u00e4rungen.\" \/>\n<meta property=\"og:url\" content=\"https:\/\/www.muhofid.lu\/lb-lu\/letzebuerger-steiererklarungen\/\" \/>\n<meta property=\"og:site_name\" content=\"Comptabiliteits Cabinet MUHOFID\" \/>\n<meta property=\"article:modified_time\" content=\"2023-05-24T17:00:19+00:00\" \/>\n<meta property=\"og:image\" content=\"https:\/\/www.muhofid.lu\/wp-content\/uploads\/2021\/05\/declaration-fiscale-luxembourg.jpg\" \/>\n\t<meta property=\"og:image:width\" content=\"564\" \/>\n\t<meta property=\"og:image:height\" content=\"435\" \/>\n\t<meta property=\"og:image:type\" content=\"image\/jpeg\" \/>\n<meta name=\"twitter:card\" content=\"summary_large_image\" \/>\n<meta name=\"twitter:label1\" content=\"Est. reading time\" \/>\n\t<meta name=\"twitter:data1\" content=\"1 minute\" \/>\n<script type=\"application\/ld+json\" class=\"yoast-schema-graph\">{\"@context\":\"https:\/\/schema.org\",\"@graph\":[{\"@type\":\"WebPage\",\"@id\":\"https:\/\/www.muhofid.lu\/lb-lu\/letzebuerger-steiererklarungen\/\",\"url\":\"https:\/\/www.muhofid.lu\/lb-lu\/letzebuerger-steiererklarungen\/\",\"name\":\"Steiererkl\u00e4rungen - Comptabiliteits Cabinet MUHOFID\",\"isPartOf\":{\"@id\":\"https:\/\/www.muhofid.lu\/lb-lu\/#website\"},\"primaryImageOfPage\":{\"@id\":\"https:\/\/www.muhofid.lu\/lb-lu\/letzebuerger-steiererklarungen\/#primaryimage\"},\"image\":{\"@id\":\"https:\/\/www.muhofid.lu\/lb-lu\/letzebuerger-steiererklarungen\/#primaryimage\"},\"thumbnailUrl\":\"https:\/\/www.muhofid.lu\/wp-content\/uploads\/2021\/05\/declaration-fiscale-luxembourg.jpg\",\"datePublished\":\"2021-11-25T11:37:44+00:00\",\"dateModified\":\"2023-05-24T17:00:19+00:00\",\"description\":\"Profit\u00e9iert vun eiser Erfarung a Steierfroe fir Firmen a Privatpersounen zu L\u00ebtzebuerg. Mir k\u00ebmmeren eis \u00ebm all \u00c4r Steiererkl\u00e4rungen.\",\"breadcrumb\":{\"@id\":\"https:\/\/www.muhofid.lu\/lb-lu\/letzebuerger-steiererklarungen\/#breadcrumb\"},\"inLanguage\":\"lb-LU\",\"potentialAction\":[{\"@type\":\"ReadAction\",\"target\":[\"https:\/\/www.muhofid.lu\/lb-lu\/letzebuerger-steiererklarungen\/\"]}]},{\"@type\":\"ImageObject\",\"inLanguage\":\"lb-LU\",\"@id\":\"https:\/\/www.muhofid.lu\/lb-lu\/letzebuerger-steiererklarungen\/#primaryimage\",\"url\":\"https:\/\/www.muhofid.lu\/wp-content\/uploads\/2021\/05\/declaration-fiscale-luxembourg.jpg\",\"contentUrl\":\"https:\/\/www.muhofid.lu\/wp-content\/uploads\/2021\/05\/declaration-fiscale-luxembourg.jpg\",\"width\":564,\"height\":435,\"caption\":\"Pour vos d\u00e9clarations fiscales au Luxembourg, faites-vous conseiller par le cabinet MUHOFID\"},{\"@type\":\"BreadcrumbList\",\"@id\":\"https:\/\/www.muhofid.lu\/lb-lu\/letzebuerger-steiererklarungen\/#breadcrumb\",\"itemListElement\":[{\"@type\":\"ListItem\",\"position\":1,\"name\":\"Accueil\",\"item\":\"https:\/\/www.muhofid.lu\/lb-lu\/\"},{\"@type\":\"ListItem\",\"position\":2,\"name\":\"Steiererkl\u00e4rungen\"}]},{\"@type\":\"WebSite\",\"@id\":\"https:\/\/www.muhofid.lu\/lb-lu\/#website\",\"url\":\"https:\/\/www.muhofid.lu\/lb-lu\/\",\"name\":\"Comptabiliteits Cabinet MUHOFID\",\"description\":\"\",\"publisher\":{\"@id\":\"https:\/\/www.muhofid.lu\/lb-lu\/#organization\"},\"potentialAction\":[{\"@type\":\"SearchAction\",\"target\":{\"@type\":\"EntryPoint\",\"urlTemplate\":\"https:\/\/www.muhofid.lu\/lb-lu\/?s={search_term_string}\"},\"query-input\":{\"@type\":\"PropertyValueSpecification\",\"valueRequired\":true,\"valueName\":\"search_term_string\"}}],\"inLanguage\":\"lb-LU\"},{\"@type\":\"Organization\",\"@id\":\"https:\/\/www.muhofid.lu\/lb-lu\/#organization\",\"name\":\"MUHOVICK S.\u00e0 r.l\",\"url\":\"https:\/\/www.muhofid.lu\/lb-lu\/\",\"logo\":{\"@type\":\"ImageObject\",\"inLanguage\":\"lb-LU\",\"@id\":\"https:\/\/www.muhofid.lu\/lb-lu\/#\/schema\/logo\/image\/\",\"url\":\"\",\"contentUrl\":\"\",\"caption\":\"MUHOVICK S.\u00e0 r.l\"},\"image\":{\"@id\":\"https:\/\/www.muhofid.lu\/lb-lu\/#\/schema\/logo\/image\/\"}}]}<\/script>\n<!-- \/ Yoast SEO plugin. -->","yoast_head_json":{"title":"Steiererkl\u00e4rungen - Comptabiliteits Cabinet MUHOFID","description":"Profit\u00e9iert vun eiser Erfarung a Steierfroe fir Firmen a Privatpersounen zu L\u00ebtzebuerg. Mir k\u00ebmmeren eis \u00ebm all \u00c4r Steiererkl\u00e4rungen.","robots":{"index":"index","follow":"follow","max-snippet":"max-snippet:-1","max-image-preview":"max-image-preview:large","max-video-preview":"max-video-preview:-1"},"canonical":"https:\/\/www.muhofid.lu\/lb-lu\/letzebuerger-steiererklarungen\/","og_locale":"en_US","og_type":"article","og_title":"Steiererkl\u00e4rungen - Comptabiliteits Cabinet MUHOFID","og_description":"Profit\u00e9iert vun eiser Erfarung a Steierfroe fir Firmen a Privatpersounen zu L\u00ebtzebuerg. Mir k\u00ebmmeren eis \u00ebm all \u00c4r Steiererkl\u00e4rungen.","og_url":"https:\/\/www.muhofid.lu\/lb-lu\/letzebuerger-steiererklarungen\/","og_site_name":"Comptabiliteits Cabinet MUHOFID","article_modified_time":"2023-05-24T17:00:19+00:00","og_image":[{"width":564,"height":435,"url":"https:\/\/www.muhofid.lu\/wp-content\/uploads\/2021\/05\/declaration-fiscale-luxembourg.jpg","type":"image\/jpeg"}],"twitter_card":"summary_large_image","twitter_misc":{"Est. reading time":"1 minute"},"schema":{"@context":"https:\/\/schema.org","@graph":[{"@type":"WebPage","@id":"https:\/\/www.muhofid.lu\/lb-lu\/letzebuerger-steiererklarungen\/","url":"https:\/\/www.muhofid.lu\/lb-lu\/letzebuerger-steiererklarungen\/","name":"Steiererkl\u00e4rungen - Comptabiliteits Cabinet MUHOFID","isPartOf":{"@id":"https:\/\/www.muhofid.lu\/lb-lu\/#website"},"primaryImageOfPage":{"@id":"https:\/\/www.muhofid.lu\/lb-lu\/letzebuerger-steiererklarungen\/#primaryimage"},"image":{"@id":"https:\/\/www.muhofid.lu\/lb-lu\/letzebuerger-steiererklarungen\/#primaryimage"},"thumbnailUrl":"https:\/\/www.muhofid.lu\/wp-content\/uploads\/2021\/05\/declaration-fiscale-luxembourg.jpg","datePublished":"2021-11-25T11:37:44+00:00","dateModified":"2023-05-24T17:00:19+00:00","description":"Profit\u00e9iert vun eiser Erfarung a Steierfroe fir Firmen a Privatpersounen zu L\u00ebtzebuerg. Mir k\u00ebmmeren eis \u00ebm all \u00c4r Steiererkl\u00e4rungen.","breadcrumb":{"@id":"https:\/\/www.muhofid.lu\/lb-lu\/letzebuerger-steiererklarungen\/#breadcrumb"},"inLanguage":"lb-LU","potentialAction":[{"@type":"ReadAction","target":["https:\/\/www.muhofid.lu\/lb-lu\/letzebuerger-steiererklarungen\/"]}]},{"@type":"ImageObject","inLanguage":"lb-LU","@id":"https:\/\/www.muhofid.lu\/lb-lu\/letzebuerger-steiererklarungen\/#primaryimage","url":"https:\/\/www.muhofid.lu\/wp-content\/uploads\/2021\/05\/declaration-fiscale-luxembourg.jpg","contentUrl":"https:\/\/www.muhofid.lu\/wp-content\/uploads\/2021\/05\/declaration-fiscale-luxembourg.jpg","width":564,"height":435,"caption":"Pour vos d\u00e9clarations fiscales au Luxembourg, faites-vous conseiller par le cabinet MUHOFID"},{"@type":"BreadcrumbList","@id":"https:\/\/www.muhofid.lu\/lb-lu\/letzebuerger-steiererklarungen\/#breadcrumb","itemListElement":[{"@type":"ListItem","position":1,"name":"Accueil","item":"https:\/\/www.muhofid.lu\/lb-lu\/"},{"@type":"ListItem","position":2,"name":"Steiererkl\u00e4rungen"}]},{"@type":"WebSite","@id":"https:\/\/www.muhofid.lu\/lb-lu\/#website","url":"https:\/\/www.muhofid.lu\/lb-lu\/","name":"Comptabiliteits Cabinet MUHOFID","description":"","publisher":{"@id":"https:\/\/www.muhofid.lu\/lb-lu\/#organization"},"potentialAction":[{"@type":"SearchAction","target":{"@type":"EntryPoint","urlTemplate":"https:\/\/www.muhofid.lu\/lb-lu\/?s={search_term_string}"},"query-input":{"@type":"PropertyValueSpecification","valueRequired":true,"valueName":"search_term_string"}}],"inLanguage":"lb-LU"},{"@type":"Organization","@id":"https:\/\/www.muhofid.lu\/lb-lu\/#organization","name":"MUHOVICK S.\u00e0 r.l","url":"https:\/\/www.muhofid.lu\/lb-lu\/","logo":{"@type":"ImageObject","inLanguage":"lb-LU","@id":"https:\/\/www.muhofid.lu\/lb-lu\/#\/schema\/logo\/image\/","url":"","contentUrl":"","caption":"MUHOVICK S.\u00e0 r.l"},"image":{"@id":"https:\/\/www.muhofid.lu\/lb-lu\/#\/schema\/logo\/image\/"}}]}},"_links":{"self":[{"href":"https:\/\/www.muhofid.lu\/lb-lu\/wp-json\/wp\/v2\/pages\/986","targetHints":{"allow":["GET"]}}],"collection":[{"href":"https:\/\/www.muhofid.lu\/lb-lu\/wp-json\/wp\/v2\/pages"}],"about":[{"href":"https:\/\/www.muhofid.lu\/lb-lu\/wp-json\/wp\/v2\/types\/page"}],"author":[{"embeddable":true,"href":"https:\/\/www.muhofid.lu\/lb-lu\/wp-json\/wp\/v2\/users\/2"}],"replies":[{"embeddable":true,"href":"https:\/\/www.muhofid.lu\/lb-lu\/wp-json\/wp\/v2\/comments?post=986"}],"version-history":[{"count":8,"href":"https:\/\/www.muhofid.lu\/lb-lu\/wp-json\/wp\/v2\/pages\/986\/revisions"}],"predecessor-version":[{"id":1192,"href":"https:\/\/www.muhofid.lu\/lb-lu\/wp-json\/wp\/v2\/pages\/986\/revisions\/1192"}],"wp:featuredmedia":[{"embeddable":true,"href":"https:\/\/www.muhofid.lu\/lb-lu\/wp-json\/wp\/v2\/media\/277"}],"wp:attachment":[{"href":"https:\/\/www.muhofid.lu\/lb-lu\/wp-json\/wp\/v2\/media?parent=986"}],"curies":[{"name":"wp","href":"https:\/\/api.w.org\/{rel}","templated":true}]}}