{"id":971,"date":"2021-11-25T12:25:26","date_gmt":"2021-11-25T11:25:26","guid":{"rendered":"https:\/\/www.muhofid.lu\/?page_id=971"},"modified":"2023-05-24T18:53:32","modified_gmt":"2023-05-24T16:53:32","slug":"kreatioun-entreprise-letzebuerg","status":"publish","type":"page","link":"https:\/\/www.muhofid.lu\/lb-lu\/kreatioun-entreprise-letzebuerg\/","title":{"rendered":"Business Kreatioun zu L\u00ebtzebuerg"},"content":{"rendered":"\t\t<div data-elementor-type=\"wp-page\" data-elementor-id=\"971\" class=\"elementor elementor-971 elementor-236\" data-elementor-post-type=\"page\">\n\t\t\t\t\t\t<section class=\"elementor-section elementor-top-section elementor-element elementor-element-a2edb06 elementor-section-full_width elementor-section-height-min-height elementor-section-height-default elementor-section-items-middle\" data-id=\"a2edb06\" data-element_type=\"section\" data-settings=\"{&quot;background_background&quot;:&quot;classic&quot;}\">\n\t\t\t\t\t\t<div class=\"elementor-container elementor-column-gap-default\">\n\t\t\t\t\t<div class=\"elementor-column elementor-col-50 elementor-top-column elementor-element elementor-element-007f9ac\" data-id=\"007f9ac\" data-element_type=\"column\">\n\t\t\t<div class=\"elementor-widget-wrap elementor-element-populated\">\n\t\t\t\t\t\t<div class=\"elementor-element elementor-element-0cde5dc elementor-widget elementor-widget-heading\" data-id=\"0cde5dc\" data-element_type=\"widget\" data-widget_type=\"heading.default\">\n\t\t\t\t<div class=\"elementor-widget-container\">\n\t\t\t<h1 class=\"elementor-heading-title elementor-size-default\">4 SCHR\u00cbTT FIR \u00c4R BUSINESS KREATIOUN A L\u00cbTZEBUERG!<\/h1>\t\t<\/div>\n\t\t\t\t<\/div>\n\t\t\t\t<div class=\"elementor-element elementor-element-128f18a elementor-widget elementor-widget-heading\" data-id=\"128f18a\" data-element_type=\"widget\" data-widget_type=\"heading.default\">\n\t\t\t\t<div class=\"elementor-widget-container\">\n\t\t\t<span class=\"elementor-heading-title elementor-size-default\">Eist Team ass zur Verf\u00fcgung fir Iech beim Start vun \u00c4rem Gesch\u00e4ftsprojet z'\u00ebnnerst\u00ebtzen an ze beroden.<\/span>\t\t<\/div>\n\t\t\t\t<\/div>\n\t\t\t\t<div class=\"elementor-element elementor-element-d75d396 elementor-mobile-align-center white-button-gold elementor-widget elementor-widget-button\" data-id=\"d75d396\" data-element_type=\"widget\" data-widget_type=\"button.default\">\n\t\t\t\t<div class=\"elementor-widget-container\">\n\t\t\t\t\t\t\t<div class=\"elementor-button-wrapper\">\n\t\t\t\t\t<a class=\"elementor-button elementor-button-link elementor-size-sm\" href=\"#top-page\">\n\t\t\t\t\t\t<span class=\"elementor-button-content-wrapper\">\n\t\t\t\t\t\t\t\t\t<span class=\"elementor-button-text\">Fannt m\u00e9i eraus<\/span>\n\t\t\t\t\t<\/span>\n\t\t\t\t\t<\/a>\n\t\t\t\t<\/div>\n\t\t\t\t\t\t<\/div>\n\t\t\t\t<\/div>\n\t\t\t\t\t<\/div>\n\t\t<\/div>\n\t\t\t\t<div class=\"elementor-column elementor-col-50 elementor-top-column elementor-element elementor-element-62a6fbd elementor-hidden-tablet elementor-hidden-phone\" data-id=\"62a6fbd\" data-element_type=\"column\">\n\t\t\t<div class=\"elementor-widget-wrap\">\n\t\t\t\t\t\t\t<\/div>\n\t\t<\/div>\n\t\t\t\t\t<\/div>\n\t\t<\/section>\n\t\t\t\t<section class=\"elementor-section elementor-top-section elementor-element elementor-element-92ac710 elementor-section-boxed elementor-section-height-default elementor-section-height-default\" data-id=\"92ac710\" data-element_type=\"section\">\n\t\t\t\t\t\t<div class=\"elementor-container elementor-column-gap-default\">\n\t\t\t\t\t<div class=\"elementor-column elementor-col-100 elementor-top-column elementor-element elementor-element-bcd16c6\" data-id=\"bcd16c6\" data-element_type=\"column\">\n\t\t\t<div class=\"elementor-widget-wrap elementor-element-populated\">\n\t\t\t\t\t\t<div class=\"elementor-element elementor-element-30cf137 elementor-widget elementor-widget-menu-anchor\" data-id=\"30cf137\" data-element_type=\"widget\" data-widget_type=\"menu-anchor.default\">\n\t\t\t\t<div class=\"elementor-widget-container\">\n\t\t\t\t\t<div class=\"elementor-menu-anchor\" id=\"top-page\"><\/div>\n\t\t\t\t<\/div>\n\t\t\t\t<\/div>\n\t\t\t\t<div class=\"elementor-element elementor-element-ec1a07f elementor-widget elementor-widget-heading\" data-id=\"ec1a07f\" data-element_type=\"widget\" data-widget_type=\"heading.default\">\n\t\t\t\t<div class=\"elementor-widget-container\">\n\t\t\t<span class=\"elementor-heading-title elementor-size-default\">Dir sidd um richtege Wee!<\/span>\t\t<\/div>\n\t\t\t\t<\/div>\n\t\t\t\t<div class=\"elementor-element elementor-element-6c42ce0 elementor-widget elementor-widget-text-editor\" data-id=\"6c42ce0\" data-element_type=\"widget\" data-widget_type=\"text-editor.default\">\n\t\t\t\t<div class=\"elementor-widget-container\">\n\t\t\t\t\t\t\t<p>Hutt Dir e <strong>Business Kreatioun\u00a0Projet<\/strong> am <strong>Grand-Duch\u00e9<\/strong> a w\u00ebllt H\u00ebllef mat administrativen Formalit\u00e9iten? D&#8217;MUHOFID Team \u00ebnnerst\u00ebtzt Iech all Schr\u00ebtt vum Wee fir \u00c4ert Zil z&#8217;erreechen. Vun der Wiel vun der juristescher Form vun der Gesellschaft bis zum Ausschaffen vun Statuten a Vertr\u00e4g, dor\u00ebnner d&#8217;Ouverture vun engem Bankkonto, H\u00ebllef beim Erhalen vun enger Gesch\u00e4ftsgeneemegung souw\u00e9i administrativ a steierlech Umeldungen &#8230; mir f\u00e9ieren Iech w\u00e4rend\u00a0\u00c4rer Rees fir \u00c4r Installatioun ze vereinfachen an \u00c4ert Gesch\u00e4ft sou s\u00e9ier w\u00e9i m\u00e9iglech unzef\u00e4nken!<\/p>\t\t\t\t\t\t<\/div>\n\t\t\t\t<\/div>\n\t\t\t\t\t<\/div>\n\t\t<\/div>\n\t\t\t\t\t<\/div>\n\t\t<\/section>\n\t\t\t\t<section class=\"elementor-section elementor-top-section elementor-element elementor-element-7b41096 elementor-section-boxed elementor-section-height-default elementor-section-height-default\" data-id=\"7b41096\" data-element_type=\"section\">\n\t\t\t\t\t\t<div class=\"elementor-container elementor-column-gap-default\">\n\t\t\t\t\t<div class=\"elementor-column elementor-col-100 elementor-top-column elementor-element elementor-element-21ac832\" data-id=\"21ac832\" data-element_type=\"column\">\n\t\t\t<div class=\"elementor-widget-wrap elementor-element-populated\">\n\t\t\t\t\t\t<div class=\"elementor-element elementor-element-de292a0 elementor-widget elementor-widget-heading\" data-id=\"de292a0\" data-element_type=\"widget\" data-widget_type=\"heading.default\">\n\t\t\t\t<div class=\"elementor-widget-container\">\n\t\t\t<h2 class=\"elementor-heading-title elementor-size-default\">Eist Team f\u00e9iert Iech duerch d'Schafe vun \u00c4rem Gesch\u00e4ft zu L\u00ebtzebuerg:<\/h2>\t\t<\/div>\n\t\t\t\t<\/div>\n\t\t\t\t<section class=\"elementor-section elementor-inner-section elementor-element elementor-element-2b87475 elementor-section-boxed elementor-section-height-default elementor-section-height-default\" data-id=\"2b87475\" data-element_type=\"section\">\n\t\t\t\t\t\t<div class=\"elementor-container elementor-column-gap-default\">\n\t\t\t\t\t<div class=\"elementor-column elementor-col-50 elementor-inner-column elementor-element elementor-element-92c9ee0\" data-id=\"92c9ee0\" data-element_type=\"column\">\n\t\t\t<div class=\"elementor-widget-wrap elementor-element-populated\">\n\t\t\t\t\t\t<div class=\"elementor-element elementor-element-fd84149 elementor-flip-box--direction-right elementor-flip-box--effect-flip elementor-widget elementor-widget-flip-box\" data-id=\"fd84149\" data-element_type=\"widget\" data-widget_type=\"flip-box.default\">\n\t\t\t\t<div class=\"elementor-widget-container\">\n\t\t\t\t\t<div class=\"elementor-flip-box\" tabindex=\"0\">\n\t\t\t<div class=\"elementor-flip-box__layer elementor-flip-box__front\">\n\t\t\t\t<div class=\"elementor-flip-box__layer__overlay\">\n\t\t\t\t\t<div class=\"elementor-flip-box__layer__inner\">\n\t\t\t\t\t\t\n\t\t\t\t\t\t\t\t\t\t\t\t\t<h3 class=\"elementor-flip-box__layer__title\">\n\t\t\t\t\t\t\t\t<span class=\"number-flip\">1<\/span>\t\t\t\t\t\t\t<\/h3>\n\t\t\t\t\t\t\n\t\t\t\t\t\t\t\t\t\t\t\t\t<div class=\"elementor-flip-box__layer__description\">\n\t\t\t\t\t\t\t\t\u00c9ischten Datum\t\t\t\t\t\t\t<\/div>\n\t\t\t\t\t\t\t\t\t\t\t<\/div>\n\t\t\t\t<\/div>\n\t\t\t<\/div>\n\t\t\t<div class=\"elementor-flip-box__layer elementor-flip-box__back\">\n\t\t\t<div class=\"elementor-flip-box__layer__overlay\">\n\t\t\t\t<div class=\"elementor-flip-box__layer__inner\">\n\t\t\t\t\t\n\t\t\t\t\t\t\t\t\t\t\t<div class=\"elementor-flip-box__layer__description\">\n\t\t\t\t\t\t\tD\u00ebsen \u00e9ischte Kontakt ass d'Gelee\u00ebnheet \u00c4re Projet ze diskut\u00e9ieren: Maartstudie, Gesch\u00e4ftsplang, Kuerz-, M\u00ebttel- a laangfristeg Visioun. Ideal fir unzef\u00e4nken an de beschte Konditiounen.\t\t\t\t\t\t<\/div>\n\t\t\t\t\t\n\t\t\t\t\t\t\t\t<\/div>\n\t\t<\/div>\n\t\t<\/div>\n\t\t<\/div>\n\t\t\t\t<\/div>\n\t\t\t\t<\/div>\n\t\t\t\t\t<\/div>\n\t\t<\/div>\n\t\t\t\t<div class=\"elementor-column elementor-col-50 elementor-inner-column elementor-element elementor-element-26229b3\" data-id=\"26229b3\" data-element_type=\"column\">\n\t\t\t<div class=\"elementor-widget-wrap elementor-element-populated\">\n\t\t\t\t\t\t<div class=\"elementor-element elementor-element-f3696e4 elementor-flip-box--direction-right elementor-flip-box--effect-flip elementor-widget elementor-widget-flip-box\" data-id=\"f3696e4\" data-element_type=\"widget\" data-widget_type=\"flip-box.default\">\n\t\t\t\t<div class=\"elementor-widget-container\">\n\t\t\t\t\t<div class=\"elementor-flip-box\" tabindex=\"0\">\n\t\t\t<div class=\"elementor-flip-box__layer elementor-flip-box__front\">\n\t\t\t\t<div class=\"elementor-flip-box__layer__overlay\">\n\t\t\t\t\t<div class=\"elementor-flip-box__layer__inner\">\n\t\t\t\t\t\t\n\t\t\t\t\t\t\t\t\t\t\t\t\t<h3 class=\"elementor-flip-box__layer__title\">\n\t\t\t\t\t\t\t\t<span class=\"number-flip\">2<\/span>\t\t\t\t\t\t\t<\/h3>\n\t\t\t\t\t\t\n\t\t\t\t\t\t\t\t\t\t\t\t\t<div class=\"elementor-flip-box__layer__description\">\n\t\t\t\t\t\t\t\tRotschl\u00e9i op Kreatioun\t\t\t\t\t\t\t<\/div>\n\t\t\t\t\t\t\t\t\t\t\t<\/div>\n\t\t\t\t<\/div>\n\t\t\t<\/div>\n\t\t\t<div class=\"elementor-flip-box__layer elementor-flip-box__back\">\n\t\t\t<div class=\"elementor-flip-box__layer__overlay\">\n\t\t\t\t<div class=\"elementor-flip-box__layer__inner\">\n\t\t\t\t\t\n\t\t\t\t\t\t\t\t\t\t\t<div class=\"elementor-flip-box__layer__description\">\n\t\t\t\t\t\t\tProfit\u00e9iert vun der H\u00ebllef w\u00e4rend der Konstitutioun vun \u00c4rer Firma: Wiel vun der Form vun der Firma (SA, SARL, SARL-S, SAS ...), Berodung bei der Ausschaffung vun de Statuten vun der Firma an associ\u00e9iert Kontrakter ...\t\t\t\t\t\t<\/div>\n\t\t\t\t\t\n\t\t\t\t\t\t\t\t<\/div>\n\t\t<\/div>\n\t\t<\/div>\n\t\t<\/div>\n\t\t\t\t<\/div>\n\t\t\t\t<\/div>\n\t\t\t\t\t<\/div>\n\t\t<\/div>\n\t\t\t\t\t<\/div>\n\t\t<\/section>\n\t\t\t\t<section class=\"elementor-section elementor-inner-section elementor-element elementor-element-ad01924 elementor-section-boxed elementor-section-height-default elementor-section-height-default\" data-id=\"ad01924\" data-element_type=\"section\">\n\t\t\t\t\t\t<div class=\"elementor-container elementor-column-gap-default\">\n\t\t\t\t\t<div class=\"elementor-column elementor-col-50 elementor-inner-column elementor-element elementor-element-29086fc\" data-id=\"29086fc\" data-element_type=\"column\">\n\t\t\t<div class=\"elementor-widget-wrap elementor-element-populated\">\n\t\t\t\t\t\t<div class=\"elementor-element elementor-element-26efb34 elementor-flip-box--direction-right elementor-flip-box--effect-flip elementor-widget elementor-widget-flip-box\" data-id=\"26efb34\" data-element_type=\"widget\" data-widget_type=\"flip-box.default\">\n\t\t\t\t<div class=\"elementor-widget-container\">\n\t\t\t\t\t<div class=\"elementor-flip-box\" tabindex=\"0\">\n\t\t\t<div class=\"elementor-flip-box__layer elementor-flip-box__front\">\n\t\t\t\t<div class=\"elementor-flip-box__layer__overlay\">\n\t\t\t\t\t<div class=\"elementor-flip-box__layer__inner\">\n\t\t\t\t\t\t\n\t\t\t\t\t\t\t\t\t\t\t\t\t<h3 class=\"elementor-flip-box__layer__title\">\n\t\t\t\t\t\t\t\t<span class=\"number-flip\">3<\/span>\t\t\t\t\t\t\t<\/h3>\n\t\t\t\t\t\t\n\t\t\t\t\t\t\t\t\t\t\t\t\t<div class=\"elementor-flip-box__layer__description\">\n\t\t\t\t\t\t\t\tAdministrativ Prozeduren\t\t\t\t\t\t\t<\/div>\n\t\t\t\t\t\t\t\t\t\t\t<\/div>\n\t\t\t\t<\/div>\n\t\t\t<\/div>\n\t\t\t<div class=\"elementor-flip-box__layer elementor-flip-box__back\">\n\t\t\t<div class=\"elementor-flip-box__layer__overlay\">\n\t\t\t\t<div class=\"elementor-flip-box__layer__inner\">\n\t\t\t\t\t\n\t\t\t\t\t\t\t\t\t\t\t<div class=\"elementor-flip-box__layer__description\">\n\t\t\t\t\t\t\tEgal ob et d'Ouverture vun engem L\u00ebtzebuerger Bankkonto ass, d'Erlabnes vun enger Gesch\u00e4ftsgeneemegung, d'TVA-Aschreiwung oder d'administrativ a steierlech Aschreiwungen (CCSS, Administration des Contributions Directes) , eis Team f\u00e9iert Iech duerch d\u00ebs verschidde Schr\u00ebtt.\t\t\t\t\t\t<\/div>\n\t\t\t\t\t\n\t\t\t\t\t\t\t\t<\/div>\n\t\t<\/div>\n\t\t<\/div>\n\t\t<\/div>\n\t\t\t\t<\/div>\n\t\t\t\t<\/div>\n\t\t\t\t\t<\/div>\n\t\t<\/div>\n\t\t\t\t<div class=\"elementor-column elementor-col-50 elementor-inner-column elementor-element elementor-element-4a7fd68\" data-id=\"4a7fd68\" data-element_type=\"column\">\n\t\t\t<div class=\"elementor-widget-wrap elementor-element-populated\">\n\t\t\t\t\t\t<div class=\"elementor-element elementor-element-d9914d6 elementor-flip-box--direction-right elementor-flip-box--effect-flip elementor-widget elementor-widget-flip-box\" data-id=\"d9914d6\" data-element_type=\"widget\" data-widget_type=\"flip-box.default\">\n\t\t\t\t<div class=\"elementor-widget-container\">\n\t\t\t\t\t<div class=\"elementor-flip-box\" tabindex=\"0\">\n\t\t\t<div class=\"elementor-flip-box__layer elementor-flip-box__front\">\n\t\t\t\t<div class=\"elementor-flip-box__layer__overlay\">\n\t\t\t\t\t<div class=\"elementor-flip-box__layer__inner\">\n\t\t\t\t\t\t\n\t\t\t\t\t\t\t\t\t\t\t\t\t<h3 class=\"elementor-flip-box__layer__title\">\n\t\t\t\t\t\t\t\t<span class=\"number-flip\">4<\/span>\t\t\t\t\t\t\t<\/h3>\n\t\t\t\t\t\t\n\t\t\t\t\t\t\t\t\t\t\t\t\t<div class=\"elementor-flip-box__layer__description\">\n\t\t\t\t\t\t\t\t\u00cbnnerst\u00ebtzung\t\t\t\t\t\t\t<\/div>\n\t\t\t\t\t\t\t\t\t\t\t<\/div>\n\t\t\t\t<\/div>\n\t\t\t<\/div>\n\t\t\t<div class=\"elementor-flip-box__layer elementor-flip-box__back\">\n\t\t\t<div class=\"elementor-flip-box__layer__overlay\">\n\t\t\t\t<div class=\"elementor-flip-box__layer__inner\">\n\t\t\t\t\t\n\t\t\t\t\t\t\t\t\t\t\t<div class=\"elementor-flip-box__layer__description\">\n\t\t\t\t\t\t\tWann de kreative Prozess ofgeschloss ass, kann \u00c4r Aktivit\u00e9it uf\u00e4nken! Eis Firma begleet Iech dann all Dag an \u00e4ren Comptabilit\u00e9itsaktivit\u00e9iten: Entr\u00e9e vun alldeeglechen Transaktiounen, Steiererkl\u00e4rungen an Jores- an Zw\u00ebschekonten ...\t\t\t\t\t\t<\/div>\n\t\t\t\t\t\n\t\t\t\t\t\t\t\t<\/div>\n\t\t<\/div>\n\t\t<\/div>\n\t\t<\/div>\n\t\t\t\t<\/div>\n\t\t\t\t<\/div>\n\t\t\t\t\t<\/div>\n\t\t<\/div>\n\t\t\t\t\t<\/div>\n\t\t<\/section>\n\t\t\t\t<div class=\"elementor-element elementor-element-60a54c9 elementor-widget elementor-widget-text-editor\" data-id=\"60a54c9\" data-element_type=\"widget\" data-widget_type=\"text-editor.default\">\n\t\t\t\t<div class=\"elementor-widget-container\">\n\t\t\t\t\t\t\t<p>Vertrau MUHOFID fir Iech ze h\u00ebllefen \u00c4re Projet duerchzef\u00e9ieren an \u00e4r Firma an de beschte Konditiounen opzebauen!<\/p>\t\t\t\t\t\t<\/div>\n\t\t\t\t<\/div>\n\t\t\t\t<div class=\"elementor-element elementor-element-4d57302 elementor-align-center secondary-button elementor-widget elementor-widget-button\" data-id=\"4d57302\" data-element_type=\"widget\" data-widget_type=\"button.default\">\n\t\t\t\t<div class=\"elementor-widget-container\">\n\t\t\t\t\t\t\t<div class=\"elementor-button-wrapper\">\n\t\t\t\t\t<a class=\"elementor-button elementor-button-link elementor-size-sm\" href=\"https:\/\/www.muhofid.lu\/lb-lu\/kontakteiert-eis\/\">\n\t\t\t\t\t\t<span class=\"elementor-button-content-wrapper\">\n\t\t\t\t\t\t\t\t\t<span class=\"elementor-button-text\">1. Schr\u00ebtt: Maacht e Rendez-vous!<\/span>\n\t\t\t\t\t<\/span>\n\t\t\t\t\t<\/a>\n\t\t\t\t<\/div>\n\t\t\t\t\t\t<\/div>\n\t\t\t\t<\/div>\n\t\t\t\t\t<\/div>\n\t\t<\/div>\n\t\t\t\t\t<\/div>\n\t\t<\/section>\n\t\t\t\t<\/div>\n\t\t","protected":false},"excerpt":{"rendered":"<p>4 SCHR\u00cbTT FIR \u00c4R BUSINESS KREATIOUN A L\u00cbTZEBUERG! Eist Team ass zur Verf\u00fcgung fir Iech beim Start vun \u00c4rem Gesch\u00e4ftsprojet z&#8217;\u00ebnnerst\u00ebtzen an ze beroden. Fannt m\u00e9i eraus Dir sidd um richtege Wee! Hutt Dir e Business Kreatioun\u00a0Projet am Grand-Duch\u00e9 a w\u00ebllt H\u00ebllef mat administrativen Formalit\u00e9iten? D&#8217;MUHOFID Team \u00ebnnerst\u00ebtzt Iech all Schr\u00ebtt vum Wee fir \u00c4ert [&hellip;]<\/p>\n","protected":false},"author":2,"featured_media":238,"parent":0,"menu_order":0,"comment_status":"closed","ping_status":"closed","template":"","meta":{"footnotes":""},"class_list":["post-971","page","type-page","status-publish","has-post-thumbnail","hentry"],"yoast_head":"<!-- This site is optimized with the Yoast SEO plugin v23.9 - https:\/\/yoast.com\/wordpress\/plugins\/seo\/ -->\n<title>Business Kreatioun zu L\u00ebtzebuerg - Comptabiliteits Cabinet MUHOFID<\/title>\n<meta name=\"description\" content=\"E Projet fir d\u2019Kreatioun vun engem Betrib zu L\u00ebtzebuerg? Kritt H\u00ebllef mat \u00c4ren administrativen a steierleche Formalit\u00e9iten, a gr\u00e4ift \u00c4re Betrib an de beschtm\u00e9igleche Konditiounen!\" \/>\n<meta name=\"robots\" content=\"index, follow, max-snippet:-1, max-image-preview:large, max-video-preview:-1\" \/>\n<link rel=\"canonical\" href=\"https:\/\/www.muhofid.lu\/lb-lu\/kreatioun-entreprise-letzebuerg\/\" \/>\n<meta property=\"og:locale\" content=\"en_US\" \/>\n<meta property=\"og:type\" content=\"article\" \/>\n<meta property=\"og:title\" content=\"Business Kreatioun zu L\u00ebtzebuerg - Comptabiliteits Cabinet MUHOFID\" \/>\n<meta property=\"og:description\" content=\"E Projet fir d\u2019Kreatioun vun engem Betrib zu L\u00ebtzebuerg? Kritt H\u00ebllef mat \u00c4ren administrativen a steierleche Formalit\u00e9iten, a gr\u00e4ift \u00c4re Betrib an de beschtm\u00e9igleche Konditiounen!\" \/>\n<meta property=\"og:url\" content=\"https:\/\/www.muhofid.lu\/lb-lu\/kreatioun-entreprise-letzebuerg\/\" \/>\n<meta property=\"og:site_name\" content=\"Comptabiliteits Cabinet MUHOFID\" \/>\n<meta property=\"article:modified_time\" content=\"2023-05-24T16:53:32+00:00\" \/>\n<meta property=\"og:image\" content=\"https:\/\/www.muhofid.lu\/wp-content\/uploads\/2021\/05\/header-creation-entreprise.jpg\" \/>\n\t<meta property=\"og:image:width\" content=\"1920\" \/>\n\t<meta property=\"og:image:height\" content=\"942\" \/>\n\t<meta property=\"og:image:type\" content=\"image\/jpeg\" \/>\n<meta name=\"twitter:card\" content=\"summary_large_image\" \/>\n<meta name=\"twitter:label1\" content=\"Est. reading time\" \/>\n\t<meta name=\"twitter:data1\" content=\"2 minutes\" \/>\n<script type=\"application\/ld+json\" class=\"yoast-schema-graph\">{\"@context\":\"https:\/\/schema.org\",\"@graph\":[{\"@type\":\"WebPage\",\"@id\":\"https:\/\/www.muhofid.lu\/lb-lu\/kreatioun-entreprise-letzebuerg\/\",\"url\":\"https:\/\/www.muhofid.lu\/lb-lu\/kreatioun-entreprise-letzebuerg\/\",\"name\":\"Business Kreatioun zu L\u00ebtzebuerg - Comptabiliteits Cabinet MUHOFID\",\"isPartOf\":{\"@id\":\"https:\/\/www.muhofid.lu\/lb-lu\/#website\"},\"primaryImageOfPage\":{\"@id\":\"https:\/\/www.muhofid.lu\/lb-lu\/kreatioun-entreprise-letzebuerg\/#primaryimage\"},\"image\":{\"@id\":\"https:\/\/www.muhofid.lu\/lb-lu\/kreatioun-entreprise-letzebuerg\/#primaryimage\"},\"thumbnailUrl\":\"https:\/\/www.muhofid.lu\/wp-content\/uploads\/2021\/05\/header-creation-entreprise.jpg\",\"datePublished\":\"2021-11-25T11:25:26+00:00\",\"dateModified\":\"2023-05-24T16:53:32+00:00\",\"description\":\"E Projet fir d\u2019Kreatioun vun engem Betrib zu L\u00ebtzebuerg? Kritt H\u00ebllef mat \u00c4ren administrativen a steierleche Formalit\u00e9iten, a gr\u00e4ift \u00c4re Betrib an de beschtm\u00e9igleche Konditiounen!\",\"breadcrumb\":{\"@id\":\"https:\/\/www.muhofid.lu\/lb-lu\/kreatioun-entreprise-letzebuerg\/#breadcrumb\"},\"inLanguage\":\"lb-LU\",\"potentialAction\":[{\"@type\":\"ReadAction\",\"target\":[\"https:\/\/www.muhofid.lu\/lb-lu\/kreatioun-entreprise-letzebuerg\/\"]}]},{\"@type\":\"ImageObject\",\"inLanguage\":\"lb-LU\",\"@id\":\"https:\/\/www.muhofid.lu\/lb-lu\/kreatioun-entreprise-letzebuerg\/#primaryimage\",\"url\":\"https:\/\/www.muhofid.lu\/wp-content\/uploads\/2021\/05\/header-creation-entreprise.jpg\",\"contentUrl\":\"https:\/\/www.muhofid.lu\/wp-content\/uploads\/2021\/05\/header-creation-entreprise.jpg\",\"width\":1920,\"height\":942,\"caption\":\"Le cabinet MUHOFID vous assiste dans votre cr\u00e9ation d'entreprise au Luxembourg\"},{\"@type\":\"BreadcrumbList\",\"@id\":\"https:\/\/www.muhofid.lu\/lb-lu\/kreatioun-entreprise-letzebuerg\/#breadcrumb\",\"itemListElement\":[{\"@type\":\"ListItem\",\"position\":1,\"name\":\"Accueil\",\"item\":\"https:\/\/www.muhofid.lu\/lb-lu\/\"},{\"@type\":\"ListItem\",\"position\":2,\"name\":\"Business Kreatioun zu L\u00ebtzebuerg\"}]},{\"@type\":\"WebSite\",\"@id\":\"https:\/\/www.muhofid.lu\/lb-lu\/#website\",\"url\":\"https:\/\/www.muhofid.lu\/lb-lu\/\",\"name\":\"Comptabiliteits Cabinet MUHOFID\",\"description\":\"\",\"publisher\":{\"@id\":\"https:\/\/www.muhofid.lu\/lb-lu\/#organization\"},\"potentialAction\":[{\"@type\":\"SearchAction\",\"target\":{\"@type\":\"EntryPoint\",\"urlTemplate\":\"https:\/\/www.muhofid.lu\/lb-lu\/?s={search_term_string}\"},\"query-input\":{\"@type\":\"PropertyValueSpecification\",\"valueRequired\":true,\"valueName\":\"search_term_string\"}}],\"inLanguage\":\"lb-LU\"},{\"@type\":\"Organization\",\"@id\":\"https:\/\/www.muhofid.lu\/lb-lu\/#organization\",\"name\":\"MUHOVICK S.\u00e0 r.l\",\"url\":\"https:\/\/www.muhofid.lu\/lb-lu\/\",\"logo\":{\"@type\":\"ImageObject\",\"inLanguage\":\"lb-LU\",\"@id\":\"https:\/\/www.muhofid.lu\/lb-lu\/#\/schema\/logo\/image\/\",\"url\":\"\",\"contentUrl\":\"\",\"caption\":\"MUHOVICK S.\u00e0 r.l\"},\"image\":{\"@id\":\"https:\/\/www.muhofid.lu\/lb-lu\/#\/schema\/logo\/image\/\"}}]}<\/script>\n<!-- \/ Yoast SEO plugin. -->","yoast_head_json":{"title":"Business Kreatioun zu L\u00ebtzebuerg - Comptabiliteits Cabinet MUHOFID","description":"E Projet fir d\u2019Kreatioun vun engem Betrib zu L\u00ebtzebuerg? Kritt H\u00ebllef mat \u00c4ren administrativen a steierleche Formalit\u00e9iten, a gr\u00e4ift \u00c4re Betrib an de beschtm\u00e9igleche Konditiounen!","robots":{"index":"index","follow":"follow","max-snippet":"max-snippet:-1","max-image-preview":"max-image-preview:large","max-video-preview":"max-video-preview:-1"},"canonical":"https:\/\/www.muhofid.lu\/lb-lu\/kreatioun-entreprise-letzebuerg\/","og_locale":"en_US","og_type":"article","og_title":"Business Kreatioun zu L\u00ebtzebuerg - Comptabiliteits Cabinet MUHOFID","og_description":"E Projet fir d\u2019Kreatioun vun engem Betrib zu L\u00ebtzebuerg? Kritt H\u00ebllef mat \u00c4ren administrativen a steierleche Formalit\u00e9iten, a gr\u00e4ift \u00c4re Betrib an de beschtm\u00e9igleche Konditiounen!","og_url":"https:\/\/www.muhofid.lu\/lb-lu\/kreatioun-entreprise-letzebuerg\/","og_site_name":"Comptabiliteits Cabinet MUHOFID","article_modified_time":"2023-05-24T16:53:32+00:00","og_image":[{"width":1920,"height":942,"url":"https:\/\/www.muhofid.lu\/wp-content\/uploads\/2021\/05\/header-creation-entreprise.jpg","type":"image\/jpeg"}],"twitter_card":"summary_large_image","twitter_misc":{"Est. reading time":"2 minutes"},"schema":{"@context":"https:\/\/schema.org","@graph":[{"@type":"WebPage","@id":"https:\/\/www.muhofid.lu\/lb-lu\/kreatioun-entreprise-letzebuerg\/","url":"https:\/\/www.muhofid.lu\/lb-lu\/kreatioun-entreprise-letzebuerg\/","name":"Business Kreatioun zu L\u00ebtzebuerg - Comptabiliteits Cabinet MUHOFID","isPartOf":{"@id":"https:\/\/www.muhofid.lu\/lb-lu\/#website"},"primaryImageOfPage":{"@id":"https:\/\/www.muhofid.lu\/lb-lu\/kreatioun-entreprise-letzebuerg\/#primaryimage"},"image":{"@id":"https:\/\/www.muhofid.lu\/lb-lu\/kreatioun-entreprise-letzebuerg\/#primaryimage"},"thumbnailUrl":"https:\/\/www.muhofid.lu\/wp-content\/uploads\/2021\/05\/header-creation-entreprise.jpg","datePublished":"2021-11-25T11:25:26+00:00","dateModified":"2023-05-24T16:53:32+00:00","description":"E Projet fir d\u2019Kreatioun vun engem Betrib zu L\u00ebtzebuerg? Kritt H\u00ebllef mat \u00c4ren administrativen a steierleche Formalit\u00e9iten, a gr\u00e4ift \u00c4re Betrib an de beschtm\u00e9igleche Konditiounen!","breadcrumb":{"@id":"https:\/\/www.muhofid.lu\/lb-lu\/kreatioun-entreprise-letzebuerg\/#breadcrumb"},"inLanguage":"lb-LU","potentialAction":[{"@type":"ReadAction","target":["https:\/\/www.muhofid.lu\/lb-lu\/kreatioun-entreprise-letzebuerg\/"]}]},{"@type":"ImageObject","inLanguage":"lb-LU","@id":"https:\/\/www.muhofid.lu\/lb-lu\/kreatioun-entreprise-letzebuerg\/#primaryimage","url":"https:\/\/www.muhofid.lu\/wp-content\/uploads\/2021\/05\/header-creation-entreprise.jpg","contentUrl":"https:\/\/www.muhofid.lu\/wp-content\/uploads\/2021\/05\/header-creation-entreprise.jpg","width":1920,"height":942,"caption":"Le cabinet MUHOFID vous assiste dans votre cr\u00e9ation d'entreprise au Luxembourg"},{"@type":"BreadcrumbList","@id":"https:\/\/www.muhofid.lu\/lb-lu\/kreatioun-entreprise-letzebuerg\/#breadcrumb","itemListElement":[{"@type":"ListItem","position":1,"name":"Accueil","item":"https:\/\/www.muhofid.lu\/lb-lu\/"},{"@type":"ListItem","position":2,"name":"Business Kreatioun zu L\u00ebtzebuerg"}]},{"@type":"WebSite","@id":"https:\/\/www.muhofid.lu\/lb-lu\/#website","url":"https:\/\/www.muhofid.lu\/lb-lu\/","name":"Comptabiliteits Cabinet MUHOFID","description":"","publisher":{"@id":"https:\/\/www.muhofid.lu\/lb-lu\/#organization"},"potentialAction":[{"@type":"SearchAction","target":{"@type":"EntryPoint","urlTemplate":"https:\/\/www.muhofid.lu\/lb-lu\/?s={search_term_string}"},"query-input":{"@type":"PropertyValueSpecification","valueRequired":true,"valueName":"search_term_string"}}],"inLanguage":"lb-LU"},{"@type":"Organization","@id":"https:\/\/www.muhofid.lu\/lb-lu\/#organization","name":"MUHOVICK S.\u00e0 r.l","url":"https:\/\/www.muhofid.lu\/lb-lu\/","logo":{"@type":"ImageObject","inLanguage":"lb-LU","@id":"https:\/\/www.muhofid.lu\/lb-lu\/#\/schema\/logo\/image\/","url":"","contentUrl":"","caption":"MUHOVICK S.\u00e0 r.l"},"image":{"@id":"https:\/\/www.muhofid.lu\/lb-lu\/#\/schema\/logo\/image\/"}}]}},"_links":{"self":[{"href":"https:\/\/www.muhofid.lu\/lb-lu\/wp-json\/wp\/v2\/pages\/971","targetHints":{"allow":["GET"]}}],"collection":[{"href":"https:\/\/www.muhofid.lu\/lb-lu\/wp-json\/wp\/v2\/pages"}],"about":[{"href":"https:\/\/www.muhofid.lu\/lb-lu\/wp-json\/wp\/v2\/types\/page"}],"author":[{"embeddable":true,"href":"https:\/\/www.muhofid.lu\/lb-lu\/wp-json\/wp\/v2\/users\/2"}],"replies":[{"embeddable":true,"href":"https:\/\/www.muhofid.lu\/lb-lu\/wp-json\/wp\/v2\/comments?post=971"}],"version-history":[{"count":11,"href":"https:\/\/www.muhofid.lu\/lb-lu\/wp-json\/wp\/v2\/pages\/971\/revisions"}],"predecessor-version":[{"id":1167,"href":"https:\/\/www.muhofid.lu\/lb-lu\/wp-json\/wp\/v2\/pages\/971\/revisions\/1167"}],"wp:featuredmedia":[{"embeddable":true,"href":"https:\/\/www.muhofid.lu\/lb-lu\/wp-json\/wp\/v2\/media\/238"}],"wp:attachment":[{"href":"https:\/\/www.muhofid.lu\/lb-lu\/wp-json\/wp\/v2\/media?parent=971"}],"curies":[{"name":"wp","href":"https:\/\/api.w.org\/{rel}","templated":true}]}}