{"id":1020,"date":"2021-11-25T14:22:00","date_gmt":"2021-11-25T13:22:00","guid":{"rendered":"https:\/\/www.muhofid.lu\/?page_id=1020"},"modified":"2021-11-25T14:23:41","modified_gmt":"2021-11-25T13:23:41","slug":"sitemap-lu","status":"publish","type":"page","link":"https:\/\/www.muhofid.lu\/lb-lu\/sitemap-lu\/","title":{"rendered":"Sitemap"},"content":{"rendered":"\t\t<div data-elementor-type=\"wp-page\" data-elementor-id=\"1020\" class=\"elementor elementor-1020 elementor-316\" data-elementor-post-type=\"page\">\n\t\t\t\t\t\t<section class=\"elementor-section elementor-top-section elementor-element elementor-element-7d24ebfe elementor-section-boxed elementor-section-height-default elementor-section-height-default\" data-id=\"7d24ebfe\" data-element_type=\"section\">\n\t\t\t\t\t\t<div class=\"elementor-container elementor-column-gap-default\">\n\t\t\t\t\t<div class=\"elementor-column elementor-col-100 elementor-top-column elementor-element elementor-element-561dd743\" data-id=\"561dd743\" data-element_type=\"column\">\n\t\t\t<div class=\"elementor-widget-wrap elementor-element-populated\">\n\t\t\t\t\t\t<div class=\"elementor-element elementor-element-a9bdf68 elementor-widget elementor-widget-heading\" data-id=\"a9bdf68\" data-element_type=\"widget\" data-widget_type=\"heading.default\">\n\t\t\t\t<div class=\"elementor-widget-container\">\n\t\t\t<h1 class=\"elementor-heading-title elementor-size-default\">Sitemap<\/h1>\t\t<\/div>\n\t\t\t\t<\/div>\n\t\t\t\t<div class=\"elementor-element elementor-element-2903455 elementor-widget elementor-widget-sitemap\" data-id=\"2903455\" data-element_type=\"widget\" data-widget_type=\"sitemap.default\">\n\t\t\t\t<div class=\"elementor-widget-container\">\n\t\t\t<div class=\"elementor-sitemap-wrap\"><div class=\"elementor-sitemap-section\"><h2 class=\"elementor-sitemap-title elementor-sitemap-page-title\">S\u00e4iten<\/h2><ul class=\"elementor-sitemap-list elementor-sitemap-page-list\"><li class=\"elementor-sitemap-item elementor-sitemap-item-page page_item page-item-963\"><a href=\"https:\/\/www.muhofid.lu\/lb-lu\/\">\u00c4r Comptabilit\u00e9it Firma zu L\u00ebtzebuerg<\/a><\/li><li class=\"elementor-sitemap-item elementor-sitemap-item-page page_item page-item-971\"><a href=\"https:\/\/www.muhofid.lu\/lb-lu\/kreatioun-entreprise-letzebuerg\/\">Business Kreatioun zu L\u00ebtzebuerg<\/a><\/li><li class=\"elementor-sitemap-item elementor-sitemap-item-page page_item page-item-977\"><a href=\"https:\/\/www.muhofid.lu\/lb-lu\/comptablesmethod-letzebuerg\/\">Comptablesmethod<\/a><\/li><li class=\"elementor-sitemap-item elementor-sitemap-item-page page_item page-item-1000\"><a href=\"https:\/\/www.muhofid.lu\/lb-lu\/gdpr\/\">GDPR<\/a><\/li><li class=\"elementor-sitemap-item elementor-sitemap-item-page page_item page-item-1011\"><a href=\"https:\/\/www.muhofid.lu\/lb-lu\/kontakteiert-eis\/\">Kontakt\u00e9iert eis<\/a><\/li><li class=\"elementor-sitemap-item elementor-sitemap-item-page page_item page-item-993\"><a href=\"https:\/\/www.muhofid.lu\/lb-lu\/pai-mensch-ressourcen-letzebuerg\/\">Pai &#8211; M\u00ebnscherechter Ressourcen<\/a><\/li><li class=\"elementor-sitemap-item elementor-sitemap-item-page page_item page-item-986\"><a href=\"https:\/\/www.muhofid.lu\/lb-lu\/letzebuerger-steiererklarungen\/\">Steiererkl\u00e4rungen<\/a><\/li><\/ul><\/div><\/div>\t\t<\/div>\n\t\t\t\t<\/div>\n\t\t\t\t\t<\/div>\n\t\t<\/div>\n\t\t\t\t\t<\/div>\n\t\t<\/section>\n\t\t\t\t<\/div>\n\t\t","protected":false},"excerpt":{"rendered":"<p>Sitemap<\/p>\n","protected":false},"author":2,"featured_media":0,"parent":0,"menu_order":0,"comment_status":"closed","ping_status":"closed","template":"","meta":{"footnotes":""},"class_list":["post-1020","page","type-page","status-publish","hentry"],"yoast_head":"<!-- This site is optimized with the Yoast SEO plugin v23.9 - https:\/\/yoast.com\/wordpress\/plugins\/seo\/ -->\n<title>Sitemap - Comptabiliteits Cabinet MUHOFID<\/title>\n<meta name=\"robots\" content=\"noindex, follow\" \/>\n<meta property=\"og:locale\" content=\"en_US\" \/>\n<meta property=\"og:type\" content=\"article\" \/>\n<meta property=\"og:title\" content=\"Sitemap - Comptabiliteits Cabinet MUHOFID\" \/>\n<meta property=\"og:description\" content=\"Sitemap\" \/>\n<meta property=\"og:url\" content=\"https:\/\/www.muhofid.lu\/lb-lu\/sitemap-lu\/\" \/>\n<meta property=\"og:site_name\" content=\"Comptabiliteits Cabinet MUHOFID\" \/>\n<meta property=\"article:modified_time\" content=\"2021-11-25T13:23:41+00:00\" \/>\n<meta property=\"og:image\" content=\"https:\/\/www.muhofid.lu\/wp-content\/uploads\/2023\/05\/favicon-muhofid.jpg\" \/>\n\t<meta property=\"og:image:width\" content=\"500\" \/>\n\t<meta property=\"og:image:height\" content=\"500\" \/>\n\t<meta property=\"og:image:type\" content=\"image\/jpeg\" \/>\n<meta name=\"twitter:card\" content=\"summary_large_image\" \/>\n<meta name=\"twitter:label1\" content=\"Est. reading time\" \/>\n\t<meta name=\"twitter:data1\" content=\"1 minute\" \/>\n<script type=\"application\/ld+json\" class=\"yoast-schema-graph\">{\"@context\":\"https:\/\/schema.org\",\"@graph\":[{\"@type\":\"WebPage\",\"@id\":\"https:\/\/www.muhofid.lu\/lb-lu\/sitemap-lu\/\",\"url\":\"https:\/\/www.muhofid.lu\/lb-lu\/sitemap-lu\/\",\"name\":\"Sitemap - Comptabiliteits Cabinet MUHOFID\",\"isPartOf\":{\"@id\":\"https:\/\/www.muhofid.lu\/lb-lu\/#website\"},\"datePublished\":\"2021-11-25T13:22:00+00:00\",\"dateModified\":\"2021-11-25T13:23:41+00:00\",\"breadcrumb\":{\"@id\":\"https:\/\/www.muhofid.lu\/lb-lu\/sitemap-lu\/#breadcrumb\"},\"inLanguage\":\"lb-LU\",\"potentialAction\":[{\"@type\":\"ReadAction\",\"target\":[\"https:\/\/www.muhofid.lu\/lb-lu\/sitemap-lu\/\"]}]},{\"@type\":\"BreadcrumbList\",\"@id\":\"https:\/\/www.muhofid.lu\/lb-lu\/sitemap-lu\/#breadcrumb\",\"itemListElement\":[{\"@type\":\"ListItem\",\"position\":1,\"name\":\"Accueil\",\"item\":\"https:\/\/www.muhofid.lu\/lb-lu\/\"},{\"@type\":\"ListItem\",\"position\":2,\"name\":\"Sitemap\"}]},{\"@type\":\"WebSite\",\"@id\":\"https:\/\/www.muhofid.lu\/lb-lu\/#website\",\"url\":\"https:\/\/www.muhofid.lu\/lb-lu\/\",\"name\":\"Comptabiliteits Cabinet MUHOFID\",\"description\":\"\",\"publisher\":{\"@id\":\"https:\/\/www.muhofid.lu\/lb-lu\/#organization\"},\"potentialAction\":[{\"@type\":\"SearchAction\",\"target\":{\"@type\":\"EntryPoint\",\"urlTemplate\":\"https:\/\/www.muhofid.lu\/lb-lu\/?s={search_term_string}\"},\"query-input\":{\"@type\":\"PropertyValueSpecification\",\"valueRequired\":true,\"valueName\":\"search_term_string\"}}],\"inLanguage\":\"lb-LU\"},{\"@type\":\"Organization\",\"@id\":\"https:\/\/www.muhofid.lu\/lb-lu\/#organization\",\"name\":\"MUHOVICK S.\u00e0 r.l\",\"url\":\"https:\/\/www.muhofid.lu\/lb-lu\/\",\"logo\":{\"@type\":\"ImageObject\",\"inLanguage\":\"lb-LU\",\"@id\":\"https:\/\/www.muhofid.lu\/lb-lu\/#\/schema\/logo\/image\/\",\"url\":\"\",\"contentUrl\":\"\",\"caption\":\"MUHOVICK S.\u00e0 r.l\"},\"image\":{\"@id\":\"https:\/\/www.muhofid.lu\/lb-lu\/#\/schema\/logo\/image\/\"}}]}<\/script>\n<!-- \/ Yoast SEO plugin. -->","yoast_head_json":{"title":"Sitemap - Comptabiliteits Cabinet MUHOFID","robots":{"index":"noindex","follow":"follow"},"og_locale":"en_US","og_type":"article","og_title":"Sitemap - Comptabiliteits Cabinet MUHOFID","og_description":"Sitemap","og_url":"https:\/\/www.muhofid.lu\/lb-lu\/sitemap-lu\/","og_site_name":"Comptabiliteits Cabinet MUHOFID","article_modified_time":"2021-11-25T13:23:41+00:00","og_image":[{"width":500,"height":500,"url":"https:\/\/www.muhofid.lu\/wp-content\/uploads\/2023\/05\/favicon-muhofid.jpg","type":"image\/jpeg"}],"twitter_card":"summary_large_image","twitter_misc":{"Est. reading time":"1 minute"},"schema":{"@context":"https:\/\/schema.org","@graph":[{"@type":"WebPage","@id":"https:\/\/www.muhofid.lu\/lb-lu\/sitemap-lu\/","url":"https:\/\/www.muhofid.lu\/lb-lu\/sitemap-lu\/","name":"Sitemap - Comptabiliteits Cabinet MUHOFID","isPartOf":{"@id":"https:\/\/www.muhofid.lu\/lb-lu\/#website"},"datePublished":"2021-11-25T13:22:00+00:00","dateModified":"2021-11-25T13:23:41+00:00","breadcrumb":{"@id":"https:\/\/www.muhofid.lu\/lb-lu\/sitemap-lu\/#breadcrumb"},"inLanguage":"lb-LU","potentialAction":[{"@type":"ReadAction","target":["https:\/\/www.muhofid.lu\/lb-lu\/sitemap-lu\/"]}]},{"@type":"BreadcrumbList","@id":"https:\/\/www.muhofid.lu\/lb-lu\/sitemap-lu\/#breadcrumb","itemListElement":[{"@type":"ListItem","position":1,"name":"Accueil","item":"https:\/\/www.muhofid.lu\/lb-lu\/"},{"@type":"ListItem","position":2,"name":"Sitemap"}]},{"@type":"WebSite","@id":"https:\/\/www.muhofid.lu\/lb-lu\/#website","url":"https:\/\/www.muhofid.lu\/lb-lu\/","name":"Comptabiliteits Cabinet MUHOFID","description":"","publisher":{"@id":"https:\/\/www.muhofid.lu\/lb-lu\/#organization"},"potentialAction":[{"@type":"SearchAction","target":{"@type":"EntryPoint","urlTemplate":"https:\/\/www.muhofid.lu\/lb-lu\/?s={search_term_string}"},"query-input":{"@type":"PropertyValueSpecification","valueRequired":true,"valueName":"search_term_string"}}],"inLanguage":"lb-LU"},{"@type":"Organization","@id":"https:\/\/www.muhofid.lu\/lb-lu\/#organization","name":"MUHOVICK S.\u00e0 r.l","url":"https:\/\/www.muhofid.lu\/lb-lu\/","logo":{"@type":"ImageObject","inLanguage":"lb-LU","@id":"https:\/\/www.muhofid.lu\/lb-lu\/#\/schema\/logo\/image\/","url":"","contentUrl":"","caption":"MUHOVICK S.\u00e0 r.l"},"image":{"@id":"https:\/\/www.muhofid.lu\/lb-lu\/#\/schema\/logo\/image\/"}}]}},"_links":{"self":[{"href":"https:\/\/www.muhofid.lu\/lb-lu\/wp-json\/wp\/v2\/pages\/1020","targetHints":{"allow":["GET"]}}],"collection":[{"href":"https:\/\/www.muhofid.lu\/lb-lu\/wp-json\/wp\/v2\/pages"}],"about":[{"href":"https:\/\/www.muhofid.lu\/lb-lu\/wp-json\/wp\/v2\/types\/page"}],"author":[{"embeddable":true,"href":"https:\/\/www.muhofid.lu\/lb-lu\/wp-json\/wp\/v2\/users\/2"}],"replies":[{"embeddable":true,"href":"https:\/\/www.muhofid.lu\/lb-lu\/wp-json\/wp\/v2\/comments?post=1020"}],"version-history":[{"count":4,"href":"https:\/\/www.muhofid.lu\/lb-lu\/wp-json\/wp\/v2\/pages\/1020\/revisions"}],"predecessor-version":[{"id":1024,"href":"https:\/\/www.muhofid.lu\/lb-lu\/wp-json\/wp\/v2\/pages\/1020\/revisions\/1024"}],"wp:attachment":[{"href":"https:\/\/www.muhofid.lu\/lb-lu\/wp-json\/wp\/v2\/media?parent=1020"}],"curies":[{"name":"wp","href":"https:\/\/api.w.org\/{rel}","templated":true}]}}