{"id":1000,"date":"2021-11-25T12:58:38","date_gmt":"2021-11-25T11:58:38","guid":{"rendered":"https:\/\/www.muhofid.lu\/?page_id=1000"},"modified":"2023-05-24T18:56:35","modified_gmt":"2023-05-24T16:56:35","slug":"gdpr","status":"publish","type":"page","link":"https:\/\/www.muhofid.lu\/lb-lu\/gdpr\/","title":{"rendered":"GDPR"},"content":{"rendered":"\t\t<div data-elementor-type=\"wp-page\" data-elementor-id=\"1000\" class=\"elementor elementor-1000 elementor-528\" data-elementor-post-type=\"page\">\n\t\t\t\t\t\t<section class=\"elementor-section elementor-top-section elementor-element elementor-element-7d24ebfe elementor-section-boxed elementor-section-height-default elementor-section-height-default\" data-id=\"7d24ebfe\" data-element_type=\"section\">\n\t\t\t\t\t\t<div class=\"elementor-container elementor-column-gap-default\">\n\t\t\t\t\t<div class=\"elementor-column elementor-col-100 elementor-top-column elementor-element elementor-element-561dd743\" data-id=\"561dd743\" data-element_type=\"column\">\n\t\t\t<div class=\"elementor-widget-wrap elementor-element-populated\">\n\t\t\t\t\t\t<div class=\"elementor-element elementor-element-791f9b31 elementor-widget elementor-widget-text-editor\" data-id=\"791f9b31\" data-element_type=\"widget\" data-widget_type=\"text-editor.default\">\n\t\t\t\t<div class=\"elementor-widget-container\">\n\t\t\t\t\t\t\t<h1>GDPR<\/h1><p>Am Aklang mat den allgemengen Dateschutzreglementer (GDPR), hutt Dir d&#8217;Recht Zougang zu, korrig\u00e9ieren, \u00e4nneren an ze l\u00e4schen Daten betreffend Iech.<\/p><p>Kontakt\u00e9iert eis mat de folgende Formulaire fir eis \u00c4r W\u00ebnsch matzedeelen.<\/p>\t\t\t\t\t\t<\/div>\n\t\t\t\t<\/div>\n\t\t\t\t\t<\/div>\n\t\t<\/div>\n\t\t\t\t\t<\/div>\n\t\t<\/section>\n\t\t\t\t<section class=\"elementor-section elementor-top-section elementor-element elementor-element-27a71f3 elementor-section-boxed elementor-section-height-default elementor-section-height-default\" data-id=\"27a71f3\" data-element_type=\"section\">\n\t\t\t\t\t\t<div class=\"elementor-container elementor-column-gap-default\">\n\t\t\t\t\t<div class=\"elementor-column elementor-col-100 elementor-top-column elementor-element elementor-element-23949b6\" data-id=\"23949b6\" data-element_type=\"column\">\n\t\t\t<div class=\"elementor-widget-wrap elementor-element-populated\">\n\t\t\t\t\t\t<div class=\"elementor-element elementor-element-d817c5b elementor-button-align-stretch elementor-widget elementor-widget-form\" data-id=\"d817c5b\" data-element_type=\"widget\" data-settings=\"{&quot;step_next_label&quot;:&quot;Next&quot;,&quot;step_previous_label&quot;:&quot;Previous&quot;,&quot;button_width&quot;:&quot;100&quot;,&quot;step_type&quot;:&quot;number_text&quot;,&quot;step_icon_shape&quot;:&quot;circle&quot;}\" data-widget_type=\"form.default\">\n\t\t\t\t<div class=\"elementor-widget-container\">\n\t\t\t\t\t<form class=\"elementor-form\" method=\"post\" name=\"RGPD Form\">\n\t\t\t<input type=\"hidden\" name=\"post_id\" value=\"1000\"\/>\n\t\t\t<input type=\"hidden\" name=\"form_id\" value=\"d817c5b\"\/>\n\t\t\t<input type=\"hidden\" name=\"referer_title\" value=\"Comptabiliteits Cabinet MUHOFID\" \/>\n\n\t\t\t\n\t\t\t<div class=\"elementor-form-fields-wrapper elementor-labels-above\">\n\t\t\t\t\t\t\t\t<div class=\"elementor-field-type-text elementor-field-group elementor-column elementor-field-group-firstname elementor-col-50 elementor-field-required\">\n\t\t\t\t\t\t\t\t\t\t\t\t<label for=\"form-field-firstname\" class=\"elementor-field-label\">\n\t\t\t\t\t\t\t\tVirnumm\t\t\t\t\t\t\t<\/label>\n\t\t\t\t\t\t\t\t\t\t\t\t\t\t<input size=\"1\" type=\"text\" name=\"form_fields[firstname]\" id=\"form-field-firstname\" class=\"elementor-field elementor-size-sm  elementor-field-textual\" placeholder=\"\u00c4ren Virnumm\" required=\"required\" aria-required=\"true\">\n\t\t\t\t\t\t\t\t\t\t\t<\/div>\n\t\t\t\t\t\t\t\t<div class=\"elementor-field-type-text elementor-field-group elementor-column elementor-field-group-lastname elementor-col-50 elementor-field-required\">\n\t\t\t\t\t\t\t\t\t\t\t\t<label for=\"form-field-lastname\" class=\"elementor-field-label\">\n\t\t\t\t\t\t\t\tNumm\t\t\t\t\t\t\t<\/label>\n\t\t\t\t\t\t\t\t\t\t\t\t\t\t<input size=\"1\" type=\"text\" name=\"form_fields[lastname]\" id=\"form-field-lastname\" class=\"elementor-field elementor-size-sm  elementor-field-textual\" placeholder=\"\u00c4ren Numm\" required=\"required\" aria-required=\"true\">\n\t\t\t\t\t\t\t\t\t\t\t<\/div>\n\t\t\t\t\t\t\t\t<div class=\"elementor-field-type-email elementor-field-group elementor-column elementor-field-group-email elementor-col-100 elementor-field-required\">\n\t\t\t\t\t\t\t\t\t\t\t\t<label for=\"form-field-email\" class=\"elementor-field-label\">\n\t\t\t\t\t\t\t\tE-mail\t\t\t\t\t\t\t<\/label>\n\t\t\t\t\t\t\t\t\t\t\t\t\t\t<input size=\"1\" type=\"email\" name=\"form_fields[email]\" id=\"form-field-email\" class=\"elementor-field elementor-size-sm  elementor-field-textual\" placeholder=\"E-Mail\" required=\"required\" aria-required=\"true\">\n\t\t\t\t\t\t\t\t\t\t\t<\/div>\n\t\t\t\t\t\t\t\t<div class=\"elementor-field-type-textarea elementor-field-group elementor-column elementor-field-group-message elementor-col-100\">\n\t\t\t\t\t\t\t\t\t\t\t\t<label for=\"form-field-message\" class=\"elementor-field-label\">\n\t\t\t\t\t\t\t\tMessage\t\t\t\t\t\t\t<\/label>\n\t\t\t\t\t\t<textarea class=\"elementor-field-textual elementor-field  elementor-size-sm\" name=\"form_fields[message]\" id=\"form-field-message\" rows=\"6\" placeholder=\"\u00c4re Message\"><\/textarea>\t\t\t\t<\/div>\n\t\t\t\t\t\t\t\t<div class=\"elementor-field-type-acceptance elementor-field-group elementor-column elementor-field-group-field_55b01cc elementor-col-100 elementor-field-required\">\n\t\t\t\t\t\t\t<div class=\"elementor-field-subgroup\">\n\t\t\t<span class=\"elementor-field-option\">\n\t\t\t\t<input type=\"checkbox\" name=\"form_fields[field_55b01cc]\" id=\"form-field-field_55b01cc\" class=\"elementor-field elementor-size-sm  elementor-acceptance-field\" required=\"required\" aria-required=\"true\">\n\t\t\t\t<label for=\"form-field-field_55b01cc\">Andeems ech d\u00ebse Formulaire ofginn, best\u00e4tegen ech datt ech eis Dateschutzpolitik gelies an akzept\u00e9iert hunn. Ech akzept\u00e9ieren datt d\u00e9i Informatiounen vun der Firma MUHOFID benotzt ginn als Deel vu menger Ufro dei den RGPD betreffen. Mir verkafen oder verdeelen d\u00ebs Donn\u00e9e\u00ebn net un Dr\u00ebttubidder.<\/label>\t\t\t<\/span>\n\t\t<\/div>\n\t\t\t\t\t\t<\/div>\n\t\t\t\t\t\t\t\t<div class=\"elementor-field-type-recaptcha_v3 elementor-field-group elementor-column elementor-field-group-field_b6e6b86 elementor-col-100 recaptcha_v3-bottomright\">\n\t\t\t\t\t<div class=\"elementor-field\" id=\"form-field-field_b6e6b86\"><div class=\"elementor-g-recaptcha\" data-sitekey=\"6LfyOOEaAAAAADVuLfAtkxDki2EY_-IMkvn6IwK5\" data-type=\"v3\" data-action=\"Form\" data-badge=\"bottomright\" data-size=\"invisible\"><\/div><\/div>\t\t\t\t<\/div>\n\t\t\t\t\t\t\t\t<div class=\"elementor-field-group elementor-column elementor-field-type-submit elementor-col-100 e-form__buttons\">\n\t\t\t\t\t<button class=\"elementor-button elementor-size-sm\" type=\"submit\">\n\t\t\t\t\t\t<span class=\"elementor-button-content-wrapper\">\n\t\t\t\t\t\t\t\t\t\t\t\t\t\t\t\t\t\t\t\t\t\t<span class=\"elementor-button-text\">Sch\u00e9cken<\/span>\n\t\t\t\t\t\t\t\t\t\t\t\t\t<\/span>\n\t\t\t\t\t<\/button>\n\t\t\t\t<\/div>\n\t\t\t<\/div>\n\t\t<\/form>\n\t\t\t\t<\/div>\n\t\t\t\t<\/div>\n\t\t\t\t\t<\/div>\n\t\t<\/div>\n\t\t\t\t\t<\/div>\n\t\t<\/section>\n\t\t\t\t<\/div>\n\t\t","protected":false},"excerpt":{"rendered":"<p>GDPR Am Aklang mat den allgemengen Dateschutzreglementer (GDPR), hutt Dir d&#8217;Recht Zougang zu, korrig\u00e9ieren, \u00e4nneren an ze l\u00e4schen Daten betreffend Iech. Kontakt\u00e9iert eis mat de folgende Formulaire fir eis \u00c4r W\u00ebnsch matzedeelen.<\/p>\n","protected":false},"author":2,"featured_media":0,"parent":0,"menu_order":0,"comment_status":"closed","ping_status":"closed","template":"","meta":{"footnotes":""},"class_list":["post-1000","page","type-page","status-publish","hentry"],"yoast_head":"<!-- This site is optimized with the Yoast SEO plugin v23.9 - https:\/\/yoast.com\/wordpress\/plugins\/seo\/ -->\n<title>GDPR - Comptabiliteits Cabinet MUHOFID<\/title>\n<meta name=\"robots\" content=\"noindex, nofollow\" \/>\n<meta property=\"og:locale\" content=\"en_US\" \/>\n<meta property=\"og:type\" content=\"article\" \/>\n<meta property=\"og:title\" content=\"GDPR - Comptabiliteits Cabinet MUHOFID\" \/>\n<meta property=\"og:description\" content=\"GDPR Am Aklang mat den allgemengen Dateschutzreglementer (GDPR), hutt Dir d&#8217;Recht Zougang zu, korrig\u00e9ieren, \u00e4nneren an ze l\u00e4schen Daten betreffend Iech. Kontakt\u00e9iert eis mat de folgende Formulaire fir eis \u00c4r W\u00ebnsch matzedeelen.\" \/>\n<meta property=\"og:url\" content=\"https:\/\/www.muhofid.lu\/lb-lu\/gdpr\/\" \/>\n<meta property=\"og:site_name\" content=\"Comptabiliteits Cabinet MUHOFID\" \/>\n<meta property=\"article:modified_time\" content=\"2023-05-24T16:56:35+00:00\" \/>\n<meta property=\"og:image\" content=\"https:\/\/www.muhofid.lu\/wp-content\/uploads\/2023\/05\/favicon-muhofid.jpg\" \/>\n\t<meta property=\"og:image:width\" content=\"500\" \/>\n\t<meta property=\"og:image:height\" content=\"500\" \/>\n\t<meta property=\"og:image:type\" content=\"image\/jpeg\" \/>\n<meta name=\"twitter:card\" content=\"summary_large_image\" \/>\n<meta name=\"twitter:label1\" content=\"Est. reading time\" \/>\n\t<meta name=\"twitter:data1\" content=\"1 minute\" \/>\n<script type=\"application\/ld+json\" class=\"yoast-schema-graph\">{\"@context\":\"https:\/\/schema.org\",\"@graph\":[{\"@type\":\"WebPage\",\"@id\":\"https:\/\/www.muhofid.lu\/lb-lu\/gdpr\/\",\"url\":\"https:\/\/www.muhofid.lu\/lb-lu\/gdpr\/\",\"name\":\"GDPR - Comptabiliteits Cabinet MUHOFID\",\"isPartOf\":{\"@id\":\"https:\/\/www.muhofid.lu\/lb-lu\/#website\"},\"datePublished\":\"2021-11-25T11:58:38+00:00\",\"dateModified\":\"2023-05-24T16:56:35+00:00\",\"breadcrumb\":{\"@id\":\"https:\/\/www.muhofid.lu\/lb-lu\/gdpr\/#breadcrumb\"},\"inLanguage\":\"lb-LU\",\"potentialAction\":[{\"@type\":\"ReadAction\",\"target\":[\"https:\/\/www.muhofid.lu\/lb-lu\/gdpr\/\"]}]},{\"@type\":\"BreadcrumbList\",\"@id\":\"https:\/\/www.muhofid.lu\/lb-lu\/gdpr\/#breadcrumb\",\"itemListElement\":[{\"@type\":\"ListItem\",\"position\":1,\"name\":\"Accueil\",\"item\":\"https:\/\/www.muhofid.lu\/lb-lu\/\"},{\"@type\":\"ListItem\",\"position\":2,\"name\":\"GDPR\"}]},{\"@type\":\"WebSite\",\"@id\":\"https:\/\/www.muhofid.lu\/lb-lu\/#website\",\"url\":\"https:\/\/www.muhofid.lu\/lb-lu\/\",\"name\":\"Comptabiliteits Cabinet MUHOFID\",\"description\":\"\",\"publisher\":{\"@id\":\"https:\/\/www.muhofid.lu\/lb-lu\/#organization\"},\"potentialAction\":[{\"@type\":\"SearchAction\",\"target\":{\"@type\":\"EntryPoint\",\"urlTemplate\":\"https:\/\/www.muhofid.lu\/lb-lu\/?s={search_term_string}\"},\"query-input\":{\"@type\":\"PropertyValueSpecification\",\"valueRequired\":true,\"valueName\":\"search_term_string\"}}],\"inLanguage\":\"lb-LU\"},{\"@type\":\"Organization\",\"@id\":\"https:\/\/www.muhofid.lu\/lb-lu\/#organization\",\"name\":\"MUHOVICK S.\u00e0 r.l\",\"url\":\"https:\/\/www.muhofid.lu\/lb-lu\/\",\"logo\":{\"@type\":\"ImageObject\",\"inLanguage\":\"lb-LU\",\"@id\":\"https:\/\/www.muhofid.lu\/lb-lu\/#\/schema\/logo\/image\/\",\"url\":\"\",\"contentUrl\":\"\",\"caption\":\"MUHOVICK S.\u00e0 r.l\"},\"image\":{\"@id\":\"https:\/\/www.muhofid.lu\/lb-lu\/#\/schema\/logo\/image\/\"}}]}<\/script>\n<!-- \/ Yoast SEO plugin. -->","yoast_head_json":{"title":"GDPR - Comptabiliteits Cabinet MUHOFID","robots":{"index":"noindex","follow":"nofollow"},"og_locale":"en_US","og_type":"article","og_title":"GDPR - Comptabiliteits Cabinet MUHOFID","og_description":"GDPR Am Aklang mat den allgemengen Dateschutzreglementer (GDPR), hutt Dir d&#8217;Recht Zougang zu, korrig\u00e9ieren, \u00e4nneren an ze l\u00e4schen Daten betreffend Iech. Kontakt\u00e9iert eis mat de folgende Formulaire fir eis \u00c4r W\u00ebnsch matzedeelen.","og_url":"https:\/\/www.muhofid.lu\/lb-lu\/gdpr\/","og_site_name":"Comptabiliteits Cabinet MUHOFID","article_modified_time":"2023-05-24T16:56:35+00:00","og_image":[{"width":500,"height":500,"url":"https:\/\/www.muhofid.lu\/wp-content\/uploads\/2023\/05\/favicon-muhofid.jpg","type":"image\/jpeg"}],"twitter_card":"summary_large_image","twitter_misc":{"Est. reading time":"1 minute"},"schema":{"@context":"https:\/\/schema.org","@graph":[{"@type":"WebPage","@id":"https:\/\/www.muhofid.lu\/lb-lu\/gdpr\/","url":"https:\/\/www.muhofid.lu\/lb-lu\/gdpr\/","name":"GDPR - Comptabiliteits Cabinet MUHOFID","isPartOf":{"@id":"https:\/\/www.muhofid.lu\/lb-lu\/#website"},"datePublished":"2021-11-25T11:58:38+00:00","dateModified":"2023-05-24T16:56:35+00:00","breadcrumb":{"@id":"https:\/\/www.muhofid.lu\/lb-lu\/gdpr\/#breadcrumb"},"inLanguage":"lb-LU","potentialAction":[{"@type":"ReadAction","target":["https:\/\/www.muhofid.lu\/lb-lu\/gdpr\/"]}]},{"@type":"BreadcrumbList","@id":"https:\/\/www.muhofid.lu\/lb-lu\/gdpr\/#breadcrumb","itemListElement":[{"@type":"ListItem","position":1,"name":"Accueil","item":"https:\/\/www.muhofid.lu\/lb-lu\/"},{"@type":"ListItem","position":2,"name":"GDPR"}]},{"@type":"WebSite","@id":"https:\/\/www.muhofid.lu\/lb-lu\/#website","url":"https:\/\/www.muhofid.lu\/lb-lu\/","name":"Comptabiliteits Cabinet MUHOFID","description":"","publisher":{"@id":"https:\/\/www.muhofid.lu\/lb-lu\/#organization"},"potentialAction":[{"@type":"SearchAction","target":{"@type":"EntryPoint","urlTemplate":"https:\/\/www.muhofid.lu\/lb-lu\/?s={search_term_string}"},"query-input":{"@type":"PropertyValueSpecification","valueRequired":true,"valueName":"search_term_string"}}],"inLanguage":"lb-LU"},{"@type":"Organization","@id":"https:\/\/www.muhofid.lu\/lb-lu\/#organization","name":"MUHOVICK S.\u00e0 r.l","url":"https:\/\/www.muhofid.lu\/lb-lu\/","logo":{"@type":"ImageObject","inLanguage":"lb-LU","@id":"https:\/\/www.muhofid.lu\/lb-lu\/#\/schema\/logo\/image\/","url":"","contentUrl":"","caption":"MUHOVICK S.\u00e0 r.l"},"image":{"@id":"https:\/\/www.muhofid.lu\/lb-lu\/#\/schema\/logo\/image\/"}}]}},"_links":{"self":[{"href":"https:\/\/www.muhofid.lu\/lb-lu\/wp-json\/wp\/v2\/pages\/1000","targetHints":{"allow":["GET"]}}],"collection":[{"href":"https:\/\/www.muhofid.lu\/lb-lu\/wp-json\/wp\/v2\/pages"}],"about":[{"href":"https:\/\/www.muhofid.lu\/lb-lu\/wp-json\/wp\/v2\/types\/page"}],"author":[{"embeddable":true,"href":"https:\/\/www.muhofid.lu\/lb-lu\/wp-json\/wp\/v2\/users\/2"}],"replies":[{"embeddable":true,"href":"https:\/\/www.muhofid.lu\/lb-lu\/wp-json\/wp\/v2\/comments?post=1000"}],"version-history":[{"count":17,"href":"https:\/\/www.muhofid.lu\/lb-lu\/wp-json\/wp\/v2\/pages\/1000\/revisions"}],"predecessor-version":[{"id":1177,"href":"https:\/\/www.muhofid.lu\/lb-lu\/wp-json\/wp\/v2\/pages\/1000\/revisions\/1177"}],"wp:attachment":[{"href":"https:\/\/www.muhofid.lu\/lb-lu\/wp-json\/wp\/v2\/media?parent=1000"}],"curies":[{"name":"wp","href":"https:\/\/api.w.org\/{rel}","templated":true}]}}